{"id":36077,"date":"2023-09-01T14:36:14","date_gmt":"2023-09-01T21:36:14","guid":{"rendered":"https:\/\/businessforward.venturacounty.gov\/?page_id=36077"},"modified":"2026-04-04T19:46:45","modified_gmt":"2026-04-05T02:46:45","slug":"commercial-space","status":"publish","type":"page","link":"https:\/\/businessforward.venturacounty.gov\/es\/commercial-space\/","title":{"rendered":"Espacio comercial"},"content":{"rendered":"<div data-elementor-type=\"wp-page\" data-elementor-id=\"36077\" class=\"elementor elementor-36077\" data-elementor-post-type=\"page\">\n\t\t\t\t<div class=\"elementor-element elementor-element-0a37e8a e-flex e-con-boxed e-con e-parent\" data-id=\"0a37e8a\" data-element_type=\"container\" data-e-type=\"container\" data-settings=\"{&quot;background_background&quot;:&quot;classic&quot;,&quot;jet_parallax_layout_list&quot;:[]}\">\n\t\t\t\t\t<div class=\"e-con-inner\">\n\t\t\t\t<div class=\"elementor-element elementor-element-027e619 elementor-widget elementor-widget-heading\" data-id=\"027e619\" data-element_type=\"widget\" data-e-type=\"widget\" data-widget_type=\"heading.default\">\n\t\t\t\t<div class=\"elementor-widget-container\">\n\t\t\t\t\t<h2 class=\"elementor-heading-title elementor-size-default\">Informaci\u00f3n sobre espacios comerciales<\/h2>\t\t\t\t<\/div>\n\t\t\t\t<\/div>\n\t\t\t\t<div class=\"elementor-element elementor-element-bed93e4 elementor-widget elementor-widget-heading\" data-id=\"bed93e4\" data-element_type=\"widget\" data-e-type=\"widget\" data-widget_type=\"heading.default\">\n\t\t\t\t<div class=\"elementor-widget-container\">\n\t\t\t\t\t<p class=\"elementor-heading-title elementor-size-default\">Puerto de Hueneme, Puerto de Hueneme<\/p>\t\t\t\t<\/div>\n\t\t\t\t<\/div>\n\t\t\t\t\t<\/div>\n\t\t\t\t<\/div>\n\t\t<div class=\"elementor-element elementor-element-b693b5d e-flex e-con-boxed e-con e-parent\" data-id=\"b693b5d\" data-element_type=\"container\" data-e-type=\"container\" data-settings=\"{&quot;jet_parallax_layout_list&quot;:[]}\">\n\t\t\t\t\t<div class=\"e-con-inner\">\n\t\t<div class=\"elementor-element elementor-element-6e12e18 e-con-full e-flex e-con e-child\" data-id=\"6e12e18\" data-element_type=\"container\" data-e-type=\"container\" data-settings=\"{&quot;jet_parallax_layout_list&quot;:[]}\">\n\t\t\t\t<div class=\"elementor-element elementor-element-005b17b elementor-widget elementor-widget-text-editor\" data-id=\"005b17b\" data-element_type=\"widget\" data-e-type=\"widget\" data-widget_type=\"text-editor.default\">\n\t\t\t\t<div class=\"elementor-widget-container\">\n\t\t\t\t\t\t\t\t\t<p>Toda empresa necesita una sede central. Pero encontrar esa sede puede ser m\u00e1s dif\u00edcil de lo que parece, sobre todo si no se conocen los requisitos locales para los espacios comerciales.<\/p>\n<p>Sin embargo, con la ayuda de la comunidad de agencias y organizaciones favorables a las empresas del condado de Ventura, conseguir un espacio para su nueva empresa es pan comido.<\/p>\t\t\t\t\t\t\t\t<\/div>\n\t\t\t\t<\/div>\n\t\t\t\t<\/div>\n\t\t<div class=\"elementor-element elementor-element-1d029ae e-flex e-con-boxed e-con e-child\" data-id=\"1d029ae\" data-element_type=\"container\" data-e-type=\"container\" data-settings=\"{&quot;jet_parallax_layout_list&quot;:[]}\">\n\t\t\t\t\t<div class=\"e-con-inner\">\n\t\t\t\t<div class=\"elementor-element elementor-element-fb299bc elementor-widget elementor-widget-image\" data-id=\"fb299bc\" data-element_type=\"widget\" data-e-type=\"widget\" data-widget_type=\"image.default\">\n\t\t\t\t<div class=\"elementor-widget-container\">\n\t\t\t\t\t\t\t\t\t\t\t\t\t\t\t<img fetchpriority=\"high\" decoding=\"async\" width=\"800\" height=\"534\" src=\"https:\/\/businessforward.venturacounty.gov\/wp-content\/uploads\/2023\/09\/business-owner-looking-at-commercial-space-1024x683.jpg\" class=\"attachment-large size-large wp-image-714\" alt=\"Business Owner Looking At Commercial Space\" srcset=\"https:\/\/businessforward.venturacounty.gov\/wp-content\/uploads\/2023\/09\/business-owner-looking-at-commercial-space-1024x683.jpg 1024w, https:\/\/businessforward.venturacounty.gov\/wp-content\/uploads\/2023\/09\/business-owner-looking-at-commercial-space-480x320.jpg 480w, https:\/\/businessforward.venturacounty.gov\/wp-content\/uploads\/2023\/09\/business-owner-looking-at-commercial-space.jpg 1920w\" sizes=\"(max-width: 800px) 100vw, 800px\" \/>\t\t\t\t\t\t\t\t\t\t\t\t\t\t\t<\/div>\n\t\t\t\t<\/div>\n\t\t\t\t\t<\/div>\n\t\t\t\t<\/div>\n\t\t\t\t\t<\/div>\n\t\t\t\t<\/div>\n\t\t<div class=\"elementor-element elementor-element-81a4652 e-flex e-con-boxed e-con e-parent\" data-id=\"81a4652\" data-element_type=\"container\" data-e-type=\"container\" data-settings=\"{&quot;jet_parallax_layout_list&quot;:[]}\">\n\t\t\t\t\t<div class=\"e-con-inner\">\n\t\t\t\t<div class=\"elementor-element elementor-element-65f0d2b elementor-widget elementor-widget-heading\" data-id=\"65f0d2b\" data-element_type=\"widget\" data-e-type=\"widget\" data-widget_type=\"heading.default\">\n\t\t\t\t<div class=\"elementor-widget-container\">\n\t\t\t\t\t<h2 class=\"elementor-heading-title elementor-size-default\">C\u00f3mo encontrar y preparar tu espacio perfecto<\/h2>\t\t\t\t<\/div>\n\t\t\t\t<\/div>\n\t\t\t\t<div class=\"elementor-element elementor-element-e2ec777 elementor-widget-divider--view-line elementor-widget elementor-widget-divider\" data-id=\"e2ec777\" data-element_type=\"widget\" data-e-type=\"widget\" data-widget_type=\"divider.default\">\n\t\t\t\t<div class=\"elementor-widget-container\">\n\t\t\t\t\t\t\t<div class=\"elementor-divider\">\n\t\t\t<span class=\"elementor-divider-separator\">\n\t\t\t\t\t\t<\/span>\n\t\t<\/div>\n\t\t\t\t\t\t<\/div>\n\t\t\t\t<\/div>\n\t\t<div class=\"elementor-element elementor-element-9f21788 e-con-full e-flex e-con e-child\" data-id=\"9f21788\" data-element_type=\"container\" data-e-type=\"container\" data-settings=\"{&quot;jet_parallax_layout_list&quot;:[]}\">\n\t\t<div class=\"elementor-element elementor-element-34b47a9 e-con-full e-flex e-con e-child\" data-id=\"34b47a9\" data-element_type=\"container\" data-e-type=\"container\" data-settings=\"{&quot;jet_parallax_layout_list&quot;:[]}\">\n\t\t\t\t<div class=\"elementor-element elementor-element-dee024a elementor-widget elementor-widget-text-editor\" data-id=\"dee024a\" data-element_type=\"widget\" data-e-type=\"widget\" data-widget_type=\"text-editor.default\">\n\t\t\t\t<div class=\"elementor-widget-container\">\n\t\t\t\t\t\t\t\t\t<p>Una vez que haya determinado su presupuesto y ubicaci\u00f3n preferida, puede comenzar a buscar un espacio comercial. Por supuesto, <em>d\u00f3nde<\/em> La posibilidad de abrir un negocio depende del tipo de negocio y de las normas de zonificaci\u00f3n.<\/p>\n<p>Con eso en mente, la Agencia de Gesti\u00f3n de Recursos del Condado de Ventura ha <a href=\"https:\/\/vcrma.org\/en\/land-use-maps\" target=\"_blank\" rel=\"noopener\" data-uw-rm-brl=\"PR\" data-uw-original-href=\"https:\/\/vcrma.org\/en\/land-use-maps\" aria-label=\"Mapas de zonificaci\u00f3n y uso del suelo - abrir en una pesta\u00f1a nueva\" data-uw-rm-ext-link=\"\">mapas de zonificaci\u00f3n y uso del suelo<\/a> Disponibles para consulta. Estos recursos pueden ayudarle a determinar qu\u00e9 zonas buscar. Tenga en cuenta que estos mapas cambian con frecuencia, por lo que deben utilizarse \u00fanicamente con fines informativos.<\/p>\n<p>Si necesita datos m\u00e1s detallados sobre el uso del suelo, <a href=\"https:\/\/www.ventura.org\/maps\/\" target=\"_blank\" rel=\"noopener\" data-uw-rm-brl=\"PR\" data-uw-original-href=\"https:\/\/www.ventura.org\/maps\/\" aria-label=\"Sistemas de Informaci\u00f3n Geogr\u00e1fica del Condado de Ventura - abrir en una nueva pesta\u00f1a\" data-uw-rm-ext-link=\"\">Sistemas de Informaci\u00f3n Geogr\u00e1fica del Condado de Ventura<\/a> El equipo de SIG (Sistemas de Informaci\u00f3n Geogr\u00e1fica) ha recopilado datos con miles de capas de informaci\u00f3n e incluso puede proporcionar mapas personalizados.<\/p>\n<p>Despu\u00e9s de seleccionar su ubicaci\u00f3n, es posible que desee modificarla a su gusto. Si planea renovar o construir en un edificio existente, probablemente necesitar\u00e1 un permiso. Afortunadamente, los due\u00f1os de negocios en el condado de Ventura pueden acceder a varios servicios que ofrecen asistencia con los permisos, incluyendo: <a href=\"https:\/\/www.onestoppermits.vcrma.org\/#:~:text=One%2DStop%20Permitting-,Ventura%20County's%20One%2DStop%20Permitting%20Website%20provides%20both%20an%20overview,subdivisions%20within%20unincorporated%20Ventura%20County\" target=\"_blank\" rel=\"noopener\" data-uw-rm-brl=\"PR\" data-uw-original-href=\"https:\/\/www.onestoppermits.vcrma.org\/#:~:text=One%2DStop%20Permitting-,Ventura%20County's%20One%2DStop%20Permitting%20Website%20provides%20both%20an%20overview,subdivisions%20within%20unincorporated%20Ventura%20County\" aria-label=\"Ventanilla \u00fanica para la tramitaci\u00f3n de permisos - abrir en una nueva pesta\u00f1a\" data-uw-rm-ext-link=\"\">Permisos en una sola ventanilla<\/a>.<\/p>\t\t\t\t\t\t\t\t<\/div>\n\t\t\t\t<\/div>\n\t\t\t\t<\/div>\n\t\t<div class=\"elementor-element elementor-element-8e57ebc e-con-full e-flex e-con e-child\" data-id=\"8e57ebc\" data-element_type=\"container\" data-e-type=\"container\" data-settings=\"{&quot;jet_parallax_layout_list&quot;:[]}\">\n\t\t\t\t<div class=\"elementor-element elementor-element-58cb8f4 elementor-widget elementor-widget-text-editor\" data-id=\"58cb8f4\" data-element_type=\"widget\" data-e-type=\"widget\" data-widget_type=\"text-editor.default\">\n\t\t\t\t<div class=\"elementor-widget-container\">\n\t\t\t\t\t\t\t\t\t<p>\u00bfA\u00fan no est\u00e1s listo para comprometerte con la compra o el alquiler? Considera la posibilidad de innovar junto a emprendedores con ideas afines en uno de los din\u00e1micos espacios de coworking del condado:<\/p>\n<ul>\n<li><a href=\"https:\/\/circlehub.net\/ventura\/\">Centro circular<\/a> (Ventura)<\/li>\n<li><a href=\"https:\/\/www.coastalcoworkingvta.com\/about-1\">Espacios de coworking costeros<\/a> (Ventura)<\/li>\n<li><a href=\"https:\/\/www.hub101.org\/\">HUB 101<\/a> (Westlake Village)<\/li>\n<li><a href=\"https:\/\/meetworkconnect.com\/\">Conocer Trabajo Conectar<\/a> (Oxnard)<\/li>\n<li><a href=\"https:\/\/officelocale.com\/\">oficina LOCAL<\/a> (Thousand Oaks)<\/li>\n<li><a href=\"https:\/\/www.officeevolution.com\/locations\/westlake-village\">Evoluci\u00f3n de la oficina<\/a> (Westlake Village)<\/li>\n<li><a href=\"https:\/\/www.rpexecutivesuites.com\/\">Suites ejecutivas de River Park<\/a> (Ventura)<\/li>\n<li><a href=\"https:\/\/wrkprty.com\/\">WRKPRTY<\/a>(Ojai)<\/li>\n<\/ul>\t\t\t\t\t\t\t\t<\/div>\n\t\t\t\t<\/div>\n\t\t\t\t<\/div>\n\t\t\t\t<\/div>\n\t\t\t\t\t<\/div>\n\t\t\t\t<\/div>\n\t\t<div class=\"elementor-element elementor-element-0d988fa e-con-full e-flex e-con e-parent\" data-id=\"0d988fa\" data-element_type=\"container\" data-e-type=\"container\" data-settings=\"{&quot;background_background&quot;:&quot;classic&quot;,&quot;jet_parallax_layout_list&quot;:[]}\">\n\t\t<div class=\"elementor-element elementor-element-f9157ee e-flex e-con-boxed e-con e-child\" data-id=\"f9157ee\" data-element_type=\"container\" data-e-type=\"container\" data-settings=\"{&quot;background_background&quot;:&quot;classic&quot;,&quot;jet_parallax_layout_list&quot;:[]}\">\n\t\t\t\t\t<div class=\"e-con-inner\">\n\t\t\t\t<div class=\"elementor-element elementor-element-7515310 elementor-widget elementor-widget-heading\" data-id=\"7515310\" data-element_type=\"widget\" data-e-type=\"widget\" data-widget_type=\"heading.default\">\n\t\t\t\t<div class=\"elementor-widget-container\">\n\t\t\t\t\t<p class=\"elementor-heading-title elementor-size-default\">Helader\u00eda Roris, Camarillo<\/p>\t\t\t\t<\/div>\n\t\t\t\t<\/div>\n\t\t\t\t\t<\/div>\n\t\t\t\t<\/div>\n\t\t<div class=\"elementor-element elementor-element-6728f7d e-flex e-con-boxed e-con e-child\" data-id=\"6728f7d\" data-element_type=\"container\" data-e-type=\"container\" data-settings=\"{&quot;jet_parallax_layout_list&quot;:[]}\">\n\t\t\t\t\t<div class=\"e-con-inner\">\n\t\t\t\t<div class=\"elementor-element elementor-element-c48ba1a elementor-widget elementor-widget-heading\" data-id=\"c48ba1a\" data-element_type=\"widget\" data-e-type=\"widget\" data-widget_type=\"heading.default\">\n\t\t\t\t<div class=\"elementor-widget-container\">\n\t\t\t\t\t<h2 class=\"elementor-heading-title elementor-size-default\">Establezca su sede en el condado de Ventura.<\/h2>\t\t\t\t<\/div>\n\t\t\t\t<\/div>\n\t\t\t\t<div class=\"elementor-element elementor-element-2ff3c51 elementor-widget elementor-widget-text-editor\" data-id=\"2ff3c51\" data-element_type=\"widget\" data-e-type=\"widget\" data-widget_type=\"text-editor.default\">\n\t\t\t\t<div class=\"elementor-widget-container\">\n\t\t\t\t\t\t\t\t\t<p>Ya sea que busques un local comercial, un complejo industrial o un restaurante, la ubicaci\u00f3n lo es todo. Y no hay mejor lugar para establecerte que el condado de Ventura.<\/p>\n<p>Con docenas de organizaciones dispuestas a apoyarte en cada paso de la apertura de tu negocio, te sentir\u00e1s como en casa desde el momento en que empieces a buscar la sede ideal para tu empresa.<\/p>\t\t\t\t\t\t\t\t<\/div>\n\t\t\t\t<\/div>\n\t\t\t\t\t<\/div>\n\t\t\t\t<\/div>\n\t\t\t\t<\/div>\n\t\t<div class=\"elementor-element elementor-element-7902e4a e-flex e-con-boxed e-con e-parent\" data-id=\"7902e4a\" data-element_type=\"container\" data-e-type=\"container\" data-settings=\"{&quot;background_background&quot;:&quot;classic&quot;,&quot;jet_parallax_layout_list&quot;:[]}\">\n\t\t\t\t\t<div class=\"e-con-inner\">\n\t\t<div class=\"elementor-element elementor-element-b91c878 e-con-full e-flex e-con e-child\" data-id=\"b91c878\" data-element_type=\"container\" data-e-type=\"container\" data-settings=\"{&quot;jet_parallax_layout_list&quot;:[]}\">\n\t\t\t\t<div class=\"elementor-element elementor-element-50b6b92 elementor-widget elementor-widget-heading\" data-id=\"50b6b92\" data-element_type=\"widget\" data-e-type=\"widget\" data-widget_type=\"heading.default\">\n\t\t\t\t<div class=\"elementor-widget-container\">\n\t\t\t\t\t<h2 class=\"elementor-heading-title elementor-size-default\">Mapa SIG del condado de Ventura<\/h2>\t\t\t\t<\/div>\n\t\t\t\t<\/div>\n\t\t<div class=\"elementor-element elementor-element-2a436e3 e-con-full e-flex e-con e-child\" data-id=\"2a436e3\" data-element_type=\"container\" data-e-type=\"container\" data-settings=\"{&quot;jet_parallax_layout_list&quot;:[]}\">\n\t\t\t\t<div class=\"elementor-element elementor-element-5695a0a elementor-align-center elementor-widget elementor-widget-button\" data-id=\"5695a0a\" data-element_type=\"widget\" data-e-type=\"widget\" data-widget_type=\"button.default\">\n\t\t\t\t<div class=\"elementor-widget-container\">\n\t\t\t\t\t\t\t\t\t<div class=\"elementor-button-wrapper\">\n\t\t\t\t\t<a class=\"elementor-button elementor-button-link elementor-size-sm\" href=\"https:\/\/maps.ventura.org\/zoningmap\/\" target=\"_blank\">\n\t\t\t\t\t\t<span class=\"elementor-button-content-wrapper\">\n\t\t\t\t\t\t\t\t\t<span class=\"elementor-button-text\">Abrir el mapa SIG en una pesta\u00f1a nueva<\/span>\n\t\t\t\t\t<\/span>\n\t\t\t\t\t<\/a>\n\t\t\t\t<\/div>\n\t\t\t\t\t\t\t\t<\/div>\n\t\t\t\t<\/div>\n\t\t\t\t<\/div>\n\t\t\t\t<\/div>\n\t\t\t\t\t<\/div>\n\t\t\t\t<\/div>\n\t\t\t\t<\/div>","protected":false},"excerpt":{"rendered":"<p>Commercial Space Information Port of Hueneme, Port Hueneme Every company needs its headquarters. But finding that home base can be easier said than done-especially if you&#8217;re unfamiliar with local requirements [&hellip;]<\/p>\n","protected":false},"author":5,"featured_media":0,"parent":0,"menu_order":0,"comment_status":"closed","ping_status":"closed","template":"","meta":{"footnotes":""},"class_list":["post-36077","page","type-page","status-publish","hentry"],"_links":{"self":[{"href":"https:\/\/businessforward.venturacounty.gov\/es\/wp-json\/wp\/v2\/pages\/36077","targetHints":{"allow":["GET"]}}],"collection":[{"href":"https:\/\/businessforward.venturacounty.gov\/es\/wp-json\/wp\/v2\/pages"}],"about":[{"href":"https:\/\/businessforward.venturacounty.gov\/es\/wp-json\/wp\/v2\/types\/page"}],"author":[{"embeddable":true,"href":"https:\/\/businessforward.venturacounty.gov\/es\/wp-json\/wp\/v2\/users\/5"}],"replies":[{"embeddable":true,"href":"https:\/\/businessforward.venturacounty.gov\/es\/wp-json\/wp\/v2\/comments?post=36077"}],"version-history":[{"count":0,"href":"https:\/\/businessforward.venturacounty.gov\/es\/wp-json\/wp\/v2\/pages\/36077\/revisions"}],"wp:attachment":[{"href":"https:\/\/businessforward.venturacounty.gov\/es\/wp-json\/wp\/v2\/media?parent=36077"}],"curies":[{"name":"wp","href":"https:\/\/api.w.org\/{rel}","templated":true}]}}