{"id":36079,"date":"2023-09-01T14:37:50","date_gmt":"2023-09-01T21:37:50","guid":{"rendered":"https:\/\/businessforward.venturacounty.gov\/?page_id=36079"},"modified":"2025-12-14T15:46:19","modified_gmt":"2025-12-14T23:46:19","slug":"employee-owned-businesses","status":"publish","type":"page","link":"https:\/\/businessforward.venturacounty.gov\/es\/employee-owned-businesses\/","title":{"rendered":"Empresas propiedad de los empleados"},"content":{"rendered":"<div data-elementor-type=\"wp-page\" data-elementor-id=\"36079\" class=\"elementor elementor-36079\" data-elementor-post-type=\"page\">\n\t\t\t\t<div class=\"elementor-element elementor-element-b7409df e-flex e-con-boxed e-con e-parent\" data-id=\"b7409df\" data-element_type=\"container\" data-e-type=\"container\" data-settings=\"{&quot;background_background&quot;:&quot;classic&quot;,&quot;jet_parallax_layout_list&quot;:[]}\">\n\t\t\t\t\t<div class=\"e-con-inner\">\n\t\t\t\t<div class=\"elementor-element elementor-element-ab9162a elementor-widget elementor-widget-heading\" data-id=\"ab9162a\" data-element_type=\"widget\" data-e-type=\"widget\" data-widget_type=\"heading.default\">\n\t\t\t\t<div class=\"elementor-widget-container\">\n\t\t\t\t\t<h2 class=\"elementor-heading-title elementor-size-default\">Empresas propiedad de los empleados<\/h2>\t\t\t\t<\/div>\n\t\t\t\t<\/div>\n\t\t\t\t\t<\/div>\n\t\t\t\t<\/div>\n\t\t<div class=\"elementor-element elementor-element-3513d1c e-flex e-con-boxed e-con e-parent\" data-id=\"3513d1c\" data-element_type=\"container\" data-e-type=\"container\" data-settings=\"{&quot;jet_parallax_layout_list&quot;:[]}\">\n\t\t\t\t\t<div class=\"e-con-inner\">\n\t\t<div class=\"elementor-element elementor-element-a0d610a e-con-full e-flex e-con e-child\" data-id=\"a0d610a\" data-element_type=\"container\" data-e-type=\"container\" data-settings=\"{&quot;jet_parallax_layout_list&quot;:[]}\">\n\t\t\t\t<div class=\"elementor-element elementor-element-5bf7eb9 elementor-widget elementor-widget-text-editor\" data-id=\"5bf7eb9\" data-element_type=\"widget\" data-e-type=\"widget\" data-widget_type=\"text-editor.default\">\n\t\t\t\t<div class=\"elementor-widget-container\">\n\t\t\t\t\t\t\t\t\t<p>Empresas de cualquier tama\u00f1o, forma y modelo de negocio cuentan con las herramientas necesarias para prosperar en el condado de Ventura. Sin embargo, las empresas propiedad de sus empleados, o aquellas que buscan adoptar este modelo, pueden disfrutar de beneficios adicionales.<\/p>\n<p>La propiedad de los empleados se da cuando los empleados poseen una parte o la totalidad de la empresa mediante la compra de acciones. De hecho, estas empresas suelen tener un mejor desempe\u00f1o que sus contrapartes tradicionales. Y con el apoyo de organizaciones locales, las empresas propiedad de los empleados en el condado de Ventura tienen a\u00fan mayores probabilidades de \u00e9xito.<\/p>\t\t\t\t\t\t\t\t<\/div>\n\t\t\t\t<\/div>\n\t\t\t\t<\/div>\n\t\t<div class=\"elementor-element elementor-element-5fd58d4 e-flex e-con-boxed e-con e-child\" data-id=\"5fd58d4\" data-element_type=\"container\" data-e-type=\"container\" data-settings=\"{&quot;jet_parallax_layout_list&quot;:[]}\">\n\t\t\t\t\t<div class=\"e-con-inner\">\n\t\t\t\t<div class=\"elementor-element elementor-element-30b8ca6 elementor-widget elementor-widget-image\" data-id=\"30b8ca6\" data-element_type=\"widget\" data-e-type=\"widget\" data-widget_type=\"image.default\">\n\t\t\t\t<div class=\"elementor-widget-container\">\n\t\t\t\t\t\t\t\t\t\t\t\t\t\t\t<img fetchpriority=\"high\" decoding=\"async\" width=\"480\" height=\"320\" src=\"https:\/\/businessforward.venturacounty.gov\/wp-content\/uploads\/2023\/09\/business-stock-options-480x320.jpg\" class=\"attachment-medium size-medium wp-image-718\" alt=\"employee owned businesses\" srcset=\"https:\/\/businessforward.venturacounty.gov\/wp-content\/uploads\/2023\/09\/business-stock-options-480x320.jpg 480w, https:\/\/businessforward.venturacounty.gov\/wp-content\/uploads\/2023\/09\/business-stock-options-1024x683.jpg 1024w, https:\/\/businessforward.venturacounty.gov\/wp-content\/uploads\/2023\/09\/business-stock-options.jpg 1920w\" sizes=\"(max-width: 480px) 100vw, 480px\" \/>\t\t\t\t\t\t\t\t\t\t\t\t\t\t\t<\/div>\n\t\t\t\t<\/div>\n\t\t\t\t\t<\/div>\n\t\t\t\t<\/div>\n\t\t\t\t\t<\/div>\n\t\t\t\t<\/div>\n\t\t<div class=\"elementor-element elementor-element-db06e40 e-flex e-con-boxed e-con e-parent\" data-id=\"db06e40\" data-element_type=\"container\" data-e-type=\"container\" data-settings=\"{&quot;jet_parallax_layout_list&quot;:[]}\">\n\t\t\t\t\t<div class=\"e-con-inner\">\n\t\t\t\t<div class=\"elementor-element elementor-element-6b754dc elementor-widget elementor-widget-heading\" data-id=\"6b754dc\" data-element_type=\"widget\" data-e-type=\"widget\" data-widget_type=\"heading.default\">\n\t\t\t\t<div class=\"elementor-widget-container\">\n\t\t\t\t\t<h2 class=\"elementor-heading-title elementor-size-default\">Recursos para la propiedad de los empleados<\/h2>\t\t\t\t<\/div>\n\t\t\t\t<\/div>\n\t\t\t\t<div class=\"elementor-element elementor-element-e65946a elementor-widget-divider--view-line elementor-widget elementor-widget-divider\" data-id=\"e65946a\" data-element_type=\"widget\" data-e-type=\"widget\" data-widget_type=\"divider.default\">\n\t\t\t\t<div class=\"elementor-widget-container\">\n\t\t\t\t\t\t\t<div class=\"elementor-divider\">\n\t\t\t<span class=\"elementor-divider-separator\">\n\t\t\t\t\t\t<\/span>\n\t\t<\/div>\n\t\t\t\t\t\t<\/div>\n\t\t\t\t<\/div>\n\t\t<div class=\"elementor-element elementor-element-add4f24 e-con-full e-flex e-con e-child\" data-id=\"add4f24\" data-element_type=\"container\" data-e-type=\"container\" data-settings=\"{&quot;jet_parallax_layout_list&quot;:[]}\">\n\t\t<div class=\"elementor-element elementor-element-8c65078 e-con-full e-flex e-con e-child\" data-id=\"8c65078\" data-element_type=\"container\" data-e-type=\"container\" data-settings=\"{&quot;jet_parallax_layout_list&quot;:[]}\">\n\t\t\t\t<div class=\"elementor-element elementor-element-feeae1b elementor-widget elementor-widget-text-editor\" data-id=\"feeae1b\" data-element_type=\"widget\" data-e-type=\"widget\" data-widget_type=\"text-editor.default\">\n\t\t\t\t<div class=\"elementor-widget-container\">\n\t\t\t\t\t\t\t\t\t<p>Varios estudios han demostrado que incluso las empresas que son <em>parcialmente<\/em> Las empresas propiedad de sus empleados (con participaci\u00f3n accionaria 30% o superior) son m\u00e1s productivas, crecen m\u00e1s r\u00e1pido y tienen menos probabilidades de quebrar. Si estas ventajas le resultan atractivas, quiz\u00e1s le interese asociarse con Project Equity.<\/p>\n<p>Con sede en el \u00c1rea de la Bah\u00eda, <a href=\"https:\/\/project-equity.org\/\" target=\"_blank\" rel=\"noopener\" data-uw-rm-brl=\"PR\" data-uw-original-href=\"https:\/\/project-equity.org\/\">Equidad del proyecto<\/a> es una organizaci\u00f3n que ayuda a las empresas locales y a sus comunidades a comprender los beneficios de la propiedad de los empleados. Junto con recursos sin costo y <a href=\"https:\/\/project-equity.org\/businesses\/how-it-works\/\" target=\"_blank\" rel=\"noopener\" data-uw-rm-brl=\"PR\" data-uw-original-href=\"https:\/\/project-equity.org\/businesses\/how-it-works\/\">gu\u00edas paso a paso<\/a> Para las empresas interesadas, Project Equity ofrece apoyo en lo siguiente:<\/p>\n<ul>\n<li><strong>Determinar la viabilidad financiera<\/strong> \u2013 En primer lugar, la organizaci\u00f3n le ayudar\u00e1 a explorar el aspecto econ\u00f3mico del asunto, ayud\u00e1ndole a responder a la pregunta: &quot;\u00bfTiene sentido para m\u00ed y para mi negocio que los empleados sean propietarios de la empresa?&quot;.\u201c<\/li>\n<li><strong>Estructuraci\u00f3n de acuerdos de propiedad de los empleados<\/strong> \u2013 Una vez que haya decidido que la propiedad de la empresa por parte de los empleados es lo adecuado para usted, Project Equity puede ayudarle con los t\u00e9rminos y la estructura del nuevo acuerdo.<\/li>\n<li><strong>Formaci\u00f3n y consultor\u00eda sobre la cultura de propiedad.<\/strong> \u2013 A medida que transiten hacia el modelo de propiedad de los empleados, tanto ustedes como sus trabajadores aprender\u00e1n m\u00e1s sobre c\u00f3mo dirigir una empresa democr\u00e1tica.<\/li>\n<\/ul>\n<p>Lo mejor de todo es que aprender m\u00e1s es una iniciativa sin riesgos. Puedes <a href=\"https:\/\/project-equity.org\/free-consultation\/\" target=\"_blank\" rel=\"noopener\" data-uw-rm-brl=\"PR\" data-uw-original-href=\"https:\/\/project-equity.org\/free-consultation\/\">Reg\u00edstrate para una consulta gratuita.<\/a> para analizar las posibilidades de que los empleados sean propietarios de la empresa.<\/p>\t\t\t\t\t\t\t\t<\/div>\n\t\t\t\t<\/div>\n\t\t\t\t<\/div>\n\t\t\t\t<\/div>\n\t\t\t\t\t<\/div>\n\t\t\t\t<\/div>\n\t\t<div class=\"elementor-element elementor-element-31e7a50 e-con-full e-flex e-con e-parent\" data-id=\"31e7a50\" data-element_type=\"container\" data-e-type=\"container\" data-settings=\"{&quot;background_background&quot;:&quot;classic&quot;,&quot;jet_parallax_layout_list&quot;:[]}\">\n\t\t<div class=\"elementor-element elementor-element-f66f44b e-flex e-con-boxed e-con e-child\" data-id=\"f66f44b\" data-element_type=\"container\" data-e-type=\"container\" data-settings=\"{&quot;background_background&quot;:&quot;classic&quot;,&quot;jet_parallax_layout_list&quot;:[]}\">\n\t\t\t\t\t<div class=\"e-con-inner\">\n\t\t\t\t<div class=\"elementor-element elementor-element-0651cf8 elementor-widget elementor-widget-heading\" data-id=\"0651cf8\" data-element_type=\"widget\" data-e-type=\"widget\" data-widget_type=\"heading.default\">\n\t\t\t\t<div class=\"elementor-widget-container\">\n\t\t\t\t\t<p class=\"elementor-heading-title elementor-size-default\">Transporte p\u00fablico de Gold Coast, Oxnard<\/p>\t\t\t\t<\/div>\n\t\t\t\t<\/div>\n\t\t\t\t\t<\/div>\n\t\t\t\t<\/div>\n\t\t<div class=\"elementor-element elementor-element-cacc387 e-flex e-con-boxed e-con e-child\" data-id=\"cacc387\" data-element_type=\"container\" data-e-type=\"container\" data-settings=\"{&quot;jet_parallax_layout_list&quot;:[]}\">\n\t\t\t\t\t<div class=\"e-con-inner\">\n\t\t\t\t<div class=\"elementor-element elementor-element-8689f29 elementor-widget elementor-widget-heading\" data-id=\"8689f29\" data-element_type=\"widget\" data-e-type=\"widget\" data-widget_type=\"heading.default\">\n\t\t\t\t<div class=\"elementor-widget-container\">\n\t\t\t\t\t<h2 class=\"elementor-heading-title elementor-size-default\">\u00danete a una comunidad de apoyo<\/h2>\t\t\t\t<\/div>\n\t\t\t\t<\/div>\n\t\t\t\t<div class=\"elementor-element elementor-element-67c5425 elementor-widget elementor-widget-text-editor\" data-id=\"67c5425\" data-element_type=\"widget\" data-e-type=\"widget\" data-widget_type=\"text-editor.default\">\n\t\t\t\t<div class=\"elementor-widget-container\">\n\t\t\t\t\t\t\t\t\t<p>La propiedad de la empresa por parte de los empleados no es una teor\u00eda econ\u00f3mica que necesite ser demostrada; es un concepto que funciona en la pr\u00e1ctica. De hecho, algunas empresas del condado de Ventura ya han adoptado esta idea. Por ejemplo, Taft Electric Co., una empresa orgullosamente radicada en Ventura desde 1946, se convirti\u00f3 en una empresa propiedad de sus empleados (100%) en 2017.<\/p>\n<p>Si desea unirse al movimiento de propiedad de los empleados, el condado de Ventura es el lugar perfecto para comenzar. La asistencia empresarial que necesita para tener \u00e9xito est\u00e1 siempre disponible a trav\u00e9s de nuestra \u00fatil red de empresarios y organizaciones.<\/p>\t\t\t\t\t\t\t\t<\/div>\n\t\t\t\t<\/div>\n\t\t\t\t\t<\/div>\n\t\t\t\t<\/div>\n\t\t\t\t<\/div>\n\t\t\t\t<\/div>","protected":false},"excerpt":{"rendered":"<p>Employee Owned Businesses Companies of every shape, size, and business model have the tools to thrive in Ventura County. However, employee-owned businesses-or businesses looking to transition to employee ownership-can enjoy [&hellip;]<\/p>\n","protected":false},"author":5,"featured_media":0,"parent":0,"menu_order":0,"comment_status":"closed","ping_status":"closed","template":"","meta":{"footnotes":""},"class_list":["post-36079","page","type-page","status-publish","hentry"],"_links":{"self":[{"href":"https:\/\/businessforward.venturacounty.gov\/es\/wp-json\/wp\/v2\/pages\/36079","targetHints":{"allow":["GET"]}}],"collection":[{"href":"https:\/\/businessforward.venturacounty.gov\/es\/wp-json\/wp\/v2\/pages"}],"about":[{"href":"https:\/\/businessforward.venturacounty.gov\/es\/wp-json\/wp\/v2\/types\/page"}],"author":[{"embeddable":true,"href":"https:\/\/businessforward.venturacounty.gov\/es\/wp-json\/wp\/v2\/users\/5"}],"replies":[{"embeddable":true,"href":"https:\/\/businessforward.venturacounty.gov\/es\/wp-json\/wp\/v2\/comments?post=36079"}],"version-history":[{"count":0,"href":"https:\/\/businessforward.venturacounty.gov\/es\/wp-json\/wp\/v2\/pages\/36079\/revisions"}],"wp:attachment":[{"href":"https:\/\/businessforward.venturacounty.gov\/es\/wp-json\/wp\/v2\/media?parent=36079"}],"curies":[{"name":"wp","href":"https:\/\/api.w.org\/{rel}","templated":true}]}}