{"id":36107,"date":"2023-09-01T18:35:16","date_gmt":"2023-09-02T01:35:16","guid":{"rendered":"https:\/\/businessforward.venturacounty.gov\/?page_id=36107"},"modified":"2025-12-15T02:09:50","modified_gmt":"2025-12-15T10:09:50","slug":"entrepreneurship-ecosystem","status":"publish","type":"page","link":"https:\/\/businessforward.venturacounty.gov\/es\/entrepreneurship-ecosystem\/","title":{"rendered":"Ecosistema empresarial"},"content":{"rendered":"<div data-elementor-type=\"wp-page\" data-elementor-id=\"36107\" class=\"elementor elementor-36107\" data-elementor-post-type=\"page\">\n\t\t\t\t<div class=\"elementor-element elementor-element-79263fa e-flex e-con-boxed e-con e-parent\" data-id=\"79263fa\" data-element_type=\"container\" data-e-type=\"container\" data-settings=\"{&quot;background_background&quot;:&quot;classic&quot;,&quot;jet_parallax_layout_list&quot;:[]}\">\n\t\t\t\t\t<div class=\"e-con-inner\">\n\t\t\t\t<div class=\"elementor-element elementor-element-5461490 elementor-widget elementor-widget-heading\" data-id=\"5461490\" data-element_type=\"widget\" data-e-type=\"widget\" data-widget_type=\"heading.default\">\n\t\t\t\t<div class=\"elementor-widget-container\">\n\t\t\t\t\t<h2 class=\"elementor-heading-title elementor-size-default\">Ecosistema empresarial<\/h2>\t\t\t\t<\/div>\n\t\t\t\t<\/div>\n\t\t\t\t\t<\/div>\n\t\t\t\t<\/div>\n\t\t<div class=\"elementor-element elementor-element-a0d7cc5 e-flex e-con-boxed e-con e-parent\" data-id=\"a0d7cc5\" data-element_type=\"container\" data-e-type=\"container\" data-settings=\"{&quot;jet_parallax_layout_list&quot;:[]}\">\n\t\t\t\t\t<div class=\"e-con-inner\">\n\t\t<div class=\"elementor-element elementor-element-3490674 e-con-full e-flex e-con e-child\" data-id=\"3490674\" data-element_type=\"container\" data-e-type=\"container\" data-settings=\"{&quot;jet_parallax_layout_list&quot;:[]}\">\n\t\t<div class=\"elementor-element elementor-element-3463694 e-con-full e-flex e-con e-child\" data-id=\"3463694\" data-element_type=\"container\" data-e-type=\"container\" data-settings=\"{&quot;jet_parallax_layout_list&quot;:[]}\">\n\t\t\t\t<div class=\"elementor-element elementor-element-72c4621 elementor-widget elementor-widget-text-editor\" data-id=\"72c4621\" data-element_type=\"widget\" data-e-type=\"widget\" data-widget_type=\"text-editor.default\">\n\t\t\t\t<div class=\"elementor-widget-container\">\n\t\t\t\t\t\t\t\t\t<p>La esencia del emprendimiento va m\u00e1s all\u00e1 de las simples ideas y su comercializaci\u00f3n. Se trata de encontrar un entorno que fomente la innovaci\u00f3n, ofrezca un s\u00f3lido apoyo e inspire un crecimiento constante.<\/p>\n<p>El ecosistema emprendedor del condado de Ventura se erige como un faro para aquellos con ambici\u00f3n: una red integral y pr\u00f3spera que atrae el esp\u00edritu emprendedor.<\/p>\t\t\t\t\t\t\t\t<\/div>\n\t\t\t\t<\/div>\n\t\t\t\t<\/div>\n\t\t<div class=\"elementor-element elementor-element-3765fd4 e-con-full e-flex e-con e-child\" data-id=\"3765fd4\" data-element_type=\"container\" data-e-type=\"container\" data-settings=\"{&quot;jet_parallax_layout_list&quot;:[]}\">\n\t\t\t\t<div class=\"elementor-element elementor-element-7153a03 elementor-widget elementor-widget-image\" data-id=\"7153a03\" data-element_type=\"widget\" data-e-type=\"widget\" data-widget_type=\"image.default\">\n\t\t\t\t<div class=\"elementor-widget-container\">\n\t\t\t\t\t\t\t\t\t\t\t\t\t\t\t<img fetchpriority=\"high\" decoding=\"async\" width=\"800\" height=\"534\" src=\"https:\/\/businessforward.venturacounty.gov\/wp-content\/uploads\/2023\/09\/Fathomwerx_4-1024x683.jpg\" class=\"attachment-large size-large wp-image-654\" alt=\"Fathomwerx 4\" srcset=\"https:\/\/businessforward.venturacounty.gov\/wp-content\/uploads\/2023\/09\/Fathomwerx_4-1024x683.jpg 1024w, https:\/\/businessforward.venturacounty.gov\/wp-content\/uploads\/2023\/09\/Fathomwerx_4-480x320.jpg 480w, https:\/\/businessforward.venturacounty.gov\/wp-content\/uploads\/2023\/09\/Fathomwerx_4.jpg 1920w\" sizes=\"(max-width: 800px) 100vw, 800px\" \/>\t\t\t\t\t\t\t\t\t\t\t\t\t\t\t<\/div>\n\t\t\t\t<\/div>\n\t\t\t\t<div class=\"elementor-element elementor-element-b728900 elementor-widget elementor-widget-heading\" data-id=\"b728900\" data-element_type=\"widget\" data-e-type=\"widget\" data-widget_type=\"heading.default\">\n\t\t\t\t<div class=\"elementor-widget-container\">\n\t\t\t\t\t<p class=\"elementor-heading-title elementor-size-default\">Fathomwerx, Puerto Hueneme<\/p>\t\t\t\t<\/div>\n\t\t\t\t<\/div>\n\t\t\t\t<\/div>\n\t\t\t\t<\/div>\n\t\t\t\t\t<\/div>\n\t\t\t\t<\/div>\n\t\t<div class=\"elementor-element elementor-element-9cf2991 e-flex e-con-boxed e-con e-parent\" data-id=\"9cf2991\" data-element_type=\"container\" data-e-type=\"container\" data-settings=\"{&quot;jet_parallax_layout_list&quot;:[]}\">\n\t\t\t\t\t<div class=\"e-con-inner\">\n\t\t\t\t<div class=\"elementor-element elementor-element-db06f56 elementor-widget elementor-widget-heading\" data-id=\"db06f56\" data-element_type=\"widget\" data-e-type=\"widget\" data-widget_type=\"heading.default\">\n\t\t\t\t<div class=\"elementor-widget-container\">\n\t\t\t\t\t<h2 class=\"elementor-heading-title elementor-size-default\">Recursos para emprendedores<\/h2>\t\t\t\t<\/div>\n\t\t\t\t<\/div>\n\t\t\t\t<div class=\"elementor-element elementor-element-56fdf8d elementor-widget-divider--view-line elementor-widget elementor-widget-divider\" data-id=\"56fdf8d\" data-element_type=\"widget\" data-e-type=\"widget\" data-widget_type=\"divider.default\">\n\t\t\t\t<div class=\"elementor-widget-container\">\n\t\t\t\t\t\t\t<div class=\"elementor-divider\">\n\t\t\t<span class=\"elementor-divider-separator\">\n\t\t\t\t\t\t<\/span>\n\t\t<\/div>\n\t\t\t\t\t\t<\/div>\n\t\t\t\t<\/div>\n\t\t<div class=\"elementor-element elementor-element-7966d2f e-con-full e-flex e-con e-child\" data-id=\"7966d2f\" data-element_type=\"container\" data-e-type=\"container\" data-settings=\"{&quot;jet_parallax_layout_list&quot;:[]}\">\n\t\t<div class=\"elementor-element elementor-element-3015b63 e-con-full e-flex e-con e-child\" data-id=\"3015b63\" data-element_type=\"container\" data-e-type=\"container\" data-settings=\"{&quot;jet_parallax_layout_list&quot;:[]}\">\n\t\t\t\t<div class=\"elementor-element elementor-element-b110bc0 elementor-widget elementor-widget-text-editor\" data-id=\"b110bc0\" data-element_type=\"widget\" data-e-type=\"widget\" data-widget_type=\"text-editor.default\">\n\t\t\t\t<div class=\"elementor-widget-container\">\n\t\t\t\t\t\t\t\t\t<p>La trayectoria de un emprendedor es multifac\u00e9tica, y aqu\u00ed, en el condado de Ventura, ofrecemos recursos para ayudarle en cada paso del camino:<\/p>\n<ul>\n<li><a href=\"https:\/\/www.fathomwerx.com\/\" data-uw-rm-brl=\"PR\" data-uw-original-href=\"https:\/\/www.fathomwerx.com\/\"><strong>FathomWerx<\/strong><\/a> Es una iniciativa colaborativa basada en tecnolog\u00eda que incluye a Economic Development Collaborative, Matterlabs, NAVSEA, NAVFAC y el Puerto de Hueneme. Se trata de un laboratorio, comunidad y recurso p\u00fablico-privado para la innovaci\u00f3n tecnol\u00f3gica que fusiona a peque\u00f1as empresas y empresas no tradicionales, instituciones acad\u00e9micas y otras partes interesadas del Departamento de Defensa para abordar los problemas m\u00e1s complejos en los \u00e1mbitos militar, portuario y mar\u00edtimo.<\/li>\n<li><a href=\"https:\/\/edcollaborative.com\/edc-citp\/\" data-uw-rm-brl=\"PR\" data-uw-original-href=\"https:\/\/edcollaborative.com\/edc-citp\/\"><strong>Programa Cultivate &amp; Ignite Tech<\/strong><\/a> Es una secci\u00f3n espec\u00edfica del Centro de Desarrollo de Peque\u00f1as Empresas de EDC que ofrece a los emprendedores tecnol\u00f3gicos de la regi\u00f3n asesoramiento experto, sesiones de capacitaci\u00f3n, paneles de presentaci\u00f3n, aceleradoras locales y recursos GRATUITOS en \u00e1reas clave del desarrollo tecnol\u00f3gico.<\/li>\n<li><a href=\"https:\/\/www.805startups.com\/\" data-uw-rm-brl=\"PR\" data-uw-original-href=\"https:\/\/www.805startups.com\/\"><strong>805 Startups<\/strong><\/a> \u2013 Una comunidad emprendedora din\u00e1mica y un grupo de apoyo entre pares que fomenta la innovaci\u00f3n, el apoyo y la colaboraci\u00f3n para las empresas emergentes en el condado de Ventura.<\/li>\n<li><a href=\"https:\/\/rcmakes.com\/\" data-uw-rm-brl=\"PR\" data-uw-original-href=\"https:\/\/rcmakes.com\/\"><strong>RC fabrica<\/strong><\/a> \u2013 Gestionado por estudiantes de la escuela secundaria Rancho Campana, RC Makes ofrece una gama de servicios que incluyen un espacio de creaci\u00f3n comunitario, un taller de construcci\u00f3n a medida para clientes individuales y empresariales, apoyo para empresas emergentes, as\u00ed como experiencia en producci\u00f3n de v\u00eddeo, desarrollo de software y dise\u00f1o gr\u00e1fico.<\/li>\n<li><a href=\"https:\/\/www.stembassadors.net\/\" data-uw-rm-brl=\"PR\" data-uw-original-href=\"https:\/\/www.stembassadors.net\/\"><strong>Centro de Ideas | Embajadores STEM<\/strong><\/a> \u2013 Inaugurado en 2022, el Idea Center es un espacio de creaci\u00f3n permanente que ofrece a j\u00f3venes marginados la oportunidad de vincular su educaci\u00f3n con la innovaci\u00f3n. Estudiantes de secundaria colaboran con empresas locales y miembros de la comunidad en \u00e1reas como la innovaci\u00f3n, el dise\u00f1o, el emprendimiento y el arte.<\/li>\n<\/ul>\t\t\t\t\t\t\t\t<\/div>\n\t\t\t\t<\/div>\n\t\t\t\t<\/div>\n\t\t<div class=\"elementor-element elementor-element-ac490bb e-con-full e-flex e-con e-child\" data-id=\"ac490bb\" data-element_type=\"container\" data-e-type=\"container\" data-settings=\"{&quot;jet_parallax_layout_list&quot;:[]}\">\n\t\t\t\t<div class=\"elementor-element elementor-element-c4b9266 elementor-widget elementor-widget-text-editor\" data-id=\"c4b9266\" data-element_type=\"widget\" data-e-type=\"widget\" data-widget_type=\"text-editor.default\">\n\t\t\t\t<div class=\"elementor-widget-container\">\n\t\t\t\t\t\t\t\t\t<p>Los estudios demuestran que los emprendedores se ven impulsados por su entorno f\u00edsico, incluyendo la naturaleza y las ciudades donde viven. Se trata de encontrar inspiraci\u00f3n para generar nuevas ideas y reavivar el esp\u00edritu emprendedor. El condado de Ventura ofrece un entorno ideal para fomentar una mentalidad innovadora y revitalizante, asegurando que los emprendedores mantengan el equilibrio y la satisfacci\u00f3n en sus proyectos.<\/p>\n<ul>\n<li><strong>Instituciones de ense\u00f1anza superior<\/strong> \u2013 La regi\u00f3n cuenta con numerosos centros de ense\u00f1anza superior preparados para proporcionarle su pr\u00f3xima fuerza laboral. <a href=\"https:\/\/www.callutheran.edu\/\" target=\"_blank\" rel=\"noopener\" aria-label=\"Universidad Luterana de California - abrir en una pesta\u00f1a nueva\" data-uw-rm-ext-link=\"\" data-uw-rm-brl=\"PR\" data-uw-original-href=\"https:\/\/www.callutheran.edu\/\">Universidad Luterana de California<\/a>, <a href=\"https:\/\/www.csuci.edu\/\" target=\"_blank\" rel=\"noopener\" aria-label=\"Universidad Estatal de California Channel Islands - abrir en una nueva pesta\u00f1a\" data-uw-rm-ext-link=\"\" data-uw-rm-brl=\"PR\" data-uw-original-href=\"https:\/\/www.csuci.edu\/\">Universidad Estatal de California en las Islas del Canal<\/a>, <a href=\"https:\/\/www.moorparkcollege.edu\/\" target=\"_blank\" rel=\"noopener\" aria-label=\"Moorpark College - abrir en una pesta\u00f1a nueva\" data-uw-rm-ext-link=\"\" data-uw-rm-brl=\"PR\" data-uw-original-href=\"https:\/\/www.moorparkcollege.edu\/\">Colegio Moorpark<\/a>, <a href=\"https:\/\/www.oxnardcollege.edu\" target=\"_blank\" rel=\"noopener\" aria-label=\"Oxnard College - abrir en una pesta\u00f1a nueva\" data-uw-rm-ext-link=\"\" data-uw-rm-brl=\"PR\" data-uw-original-href=\"https:\/\/www.oxnardcollege.edu\/\">Colegio Oxnard<\/a>, <a href=\"https:\/\/www.collegesoflaw.edu\/locations\/ventura\/\" target=\"_blank\" rel=\"noopener\" aria-label=\"La Facultad de Derecho - abrir en una nueva pesta\u00f1a\" data-uw-rm-ext-link=\"\" data-uw-rm-brl=\"PR\" data-uw-original-href=\"https:\/\/www.collegesoflaw.edu\/locations\/ventura\/\">La Facultad de Derecho<\/a>, y <a href=\"https:\/\/www.venturacollege.edu\/\" target=\"_blank\" rel=\"noopener\" aria-label=\"Ventura College - abrir en una nueva pesta\u00f1a\" data-uw-rm-ext-link=\"\" data-uw-rm-brl=\"PR\" data-uw-original-href=\"https:\/\/www.venturacollege.edu\/\">Colegio Ventura<\/a>.<\/li>\n<li><strong>Centros culturales<\/strong> Desde galer\u00edas de arte hasta festivales de m\u00fasica, el condado rebosa de eventos culturales durante todo el a\u00f1o, lo que permite a los emprendedores sumergirse en las artes locales y fomentar la creatividad. <a href=\"https:\/\/venturacountycoast.com\/events\/\" target=\"_blank\" rel=\"noopener\" aria-label=\"Visita el calendario de eventos de VCC (abrir en una pesta\u00f1a nueva).\" data-uw-rm-ext-link=\"\" data-uw-rm-brl=\"PR\" data-uw-original-href=\"https:\/\/venturacountycoast.com\/events\/\">Consulta el calendario de eventos de VCC.<\/a><\/li>\n<li><strong>La naturaleza<\/strong> Las pintorescas playas y las rutas de senderismo del condado de Ventura pueden revitalizar a los emprendedores para afrontar los pr\u00f3ximos retos o bien ofrecerles una escapada tranquila del ajetreo diario de iniciar un negocio. <a href=\"https:\/\/venturacountycoast.com\/category\/outdoor-lover\/\">Descubre el condado de Ventura al aire libre.<\/a>.<\/li>\n<\/ul>\t\t\t\t\t\t\t\t<\/div>\n\t\t\t\t<\/div>\n\t\t\t\t<\/div>\n\t\t\t\t<\/div>\n\t\t\t\t\t<\/div>\n\t\t\t\t<\/div>\n\t\t<div class=\"elementor-element elementor-element-ff2419b e-con-full e-flex e-con e-parent\" data-id=\"ff2419b\" data-element_type=\"container\" data-e-type=\"container\" data-settings=\"{&quot;background_background&quot;:&quot;classic&quot;,&quot;jet_parallax_layout_list&quot;:[]}\">\n\t\t<div class=\"elementor-element elementor-element-b85054f e-flex e-con-boxed e-con e-child\" data-id=\"b85054f\" data-element_type=\"container\" data-e-type=\"container\" data-settings=\"{&quot;background_background&quot;:&quot;classic&quot;,&quot;jet_parallax_layout_list&quot;:[]}\">\n\t\t\t\t\t<div class=\"e-con-inner\">\n\t\t\t\t<div class=\"elementor-element elementor-element-d359976 elementor-widget elementor-widget-heading\" data-id=\"d359976\" data-element_type=\"widget\" data-e-type=\"widget\" data-widget_type=\"heading.default\">\n\t\t\t\t<div class=\"elementor-widget-container\">\n\t\t\t\t\t<p class=\"elementor-heading-title elementor-size-default\">Senderismo por la ruta del colibr\u00ed, Simi Valley<\/p>\t\t\t\t<\/div>\n\t\t\t\t<\/div>\n\t\t\t\t\t<\/div>\n\t\t\t\t<\/div>\n\t\t<div class=\"elementor-element elementor-element-4ee2c21 e-flex e-con-boxed e-con e-child\" data-id=\"4ee2c21\" data-element_type=\"container\" data-e-type=\"container\" data-settings=\"{&quot;jet_parallax_layout_list&quot;:[]}\">\n\t\t\t\t\t<div class=\"e-con-inner\">\n\t\t\t\t<div class=\"elementor-element elementor-element-f5b4bee elementor-widget elementor-widget-heading\" data-id=\"f5b4bee\" data-element_type=\"widget\" data-e-type=\"widget\" data-widget_type=\"heading.default\">\n\t\t\t\t<div class=\"elementor-widget-container\">\n\t\t\t\t\t<h2 class=\"elementor-heading-title elementor-size-default\">Elija el condado de Ventura.<\/h2>\t\t\t\t<\/div>\n\t\t\t\t<\/div>\n\t\t\t\t<div class=\"elementor-element elementor-element-f6ca5ba elementor-widget elementor-widget-text-editor\" data-id=\"f6ca5ba\" data-element_type=\"widget\" data-e-type=\"widget\" data-widget_type=\"text-editor.default\">\n\t\t\t\t<div class=\"elementor-widget-container\">\n\t\t\t\t\t\t\t\t\t<p>El ecosistema emprendedor del condado de Ventura abarca mucho m\u00e1s que simples negocios. Promete una combinaci\u00f3n perfecta de oportunidades profesionales y renovaci\u00f3n personal, lo que lo convierte en el lugar ideal para emprendedores que buscan alcanzar el \u00e9xito mientras disfrutan de una pr\u00f3spera calidad de vida.<\/p>\n<p>El esp\u00edritu emprendedor se siente con mayor intensidad all\u00ed donde la innovaci\u00f3n no solo se reconoce, sino que se venera; donde los recursos no solo est\u00e1n disponibles, sino que son abundantes; y donde el crecimiento no es un sue\u00f1o individual, sino una visi\u00f3n colectiva.<\/p>\n<p>El condado de Ventura encarna todas estas virtudes y muchas m\u00e1s. Aqu\u00ed, el crecimiento no es solo una meta, es una forma de vida.<\/p>\t\t\t\t\t\t\t\t<\/div>\n\t\t\t\t<\/div>\n\t\t\t\t\t<\/div>\n\t\t\t\t<\/div>\n\t\t\t\t<\/div>\n\t\t\t\t<\/div>","protected":false},"excerpt":{"rendered":"<p>Entrepreneurship Ecosystem The essence of entrepreneurship goes beyond mere ideas and bringing them to market. It&#8217;s about finding an environment that champions innovation, offers robust support, and inspires consistent growth. [&hellip;]<\/p>\n","protected":false},"author":5,"featured_media":0,"parent":0,"menu_order":0,"comment_status":"closed","ping_status":"closed","template":"","meta":{"footnotes":""},"class_list":["post-36107","page","type-page","status-publish","hentry"],"_links":{"self":[{"href":"https:\/\/businessforward.venturacounty.gov\/es\/wp-json\/wp\/v2\/pages\/36107","targetHints":{"allow":["GET"]}}],"collection":[{"href":"https:\/\/businessforward.venturacounty.gov\/es\/wp-json\/wp\/v2\/pages"}],"about":[{"href":"https:\/\/businessforward.venturacounty.gov\/es\/wp-json\/wp\/v2\/types\/page"}],"author":[{"embeddable":true,"href":"https:\/\/businessforward.venturacounty.gov\/es\/wp-json\/wp\/v2\/users\/5"}],"replies":[{"embeddable":true,"href":"https:\/\/businessforward.venturacounty.gov\/es\/wp-json\/wp\/v2\/comments?post=36107"}],"version-history":[{"count":0,"href":"https:\/\/businessforward.venturacounty.gov\/es\/wp-json\/wp\/v2\/pages\/36107\/revisions"}],"wp:attachment":[{"href":"https:\/\/businessforward.venturacounty.gov\/es\/wp-json\/wp\/v2\/media?parent=36107"}],"curies":[{"name":"wp","href":"https:\/\/api.w.org\/{rel}","templated":true}]}}