{"id":36267,"date":"2023-09-13T12:11:35","date_gmt":"2023-09-13T19:11:35","guid":{"rendered":"https:\/\/businessforward.venturacounty.gov\/?page_id=36267"},"modified":"2025-12-14T23:39:33","modified_gmt":"2025-12-15T07:39:33","slug":"thriving-industry-sectors","status":"publish","type":"page","link":"https:\/\/businessforward.venturacounty.gov\/es\/thriving-industry-sectors\/","title":{"rendered":"Sectores industriales pr\u00f3speros"},"content":{"rendered":"<div data-elementor-type=\"wp-page\" data-elementor-id=\"36267\" class=\"elementor elementor-36267\" data-elementor-post-type=\"page\">\n\t\t\t\t<div class=\"elementor-element elementor-element-5189cda e-flex e-con-boxed e-con e-parent\" data-id=\"5189cda\" data-element_type=\"container\" data-e-type=\"container\" data-settings=\"{&quot;background_background&quot;:&quot;classic&quot;,&quot;jet_parallax_layout_list&quot;:[]}\">\n\t\t\t\t\t<div class=\"e-con-inner\">\n\t\t\t\t<div class=\"elementor-element elementor-element-a6591e3 elementor-widget elementor-widget-heading\" data-id=\"a6591e3\" data-element_type=\"widget\" data-e-type=\"widget\" data-widget_type=\"heading.default\">\n\t\t\t\t<div class=\"elementor-widget-container\">\n\t\t\t\t\t<h2 class=\"elementor-heading-title elementor-size-default\">Sectores industriales pr\u00f3speros<\/h2>\t\t\t\t<\/div>\n\t\t\t\t<\/div>\n\t\t\t\t<div class=\"elementor-element elementor-element-fc5da5b elementor-widget elementor-widget-heading\" data-id=\"fc5da5b\" data-element_type=\"widget\" data-e-type=\"widget\" data-widget_type=\"heading.default\">\n\t\t\t\t<div class=\"elementor-widget-container\">\n\t\t\t\t\t<h2 class=\"elementor-heading-title elementor-size-default\">Limoneira, Santa Paula<\/h2>\t\t\t\t<\/div>\n\t\t\t\t<\/div>\n\t\t\t\t\t<\/div>\n\t\t\t\t<\/div>\n\t\t<div class=\"elementor-element elementor-element-21838f4 e-flex e-con-boxed e-con e-parent\" data-id=\"21838f4\" data-element_type=\"container\" data-e-type=\"container\" data-settings=\"{&quot;jet_parallax_layout_list&quot;:[]}\">\n\t\t\t\t\t<div class=\"e-con-inner\">\n\t\t<div class=\"elementor-element elementor-element-c4c3c5d e-con-full e-flex e-con e-child\" data-id=\"c4c3c5d\" data-element_type=\"container\" data-e-type=\"container\" data-settings=\"{&quot;jet_parallax_layout_list&quot;:[]}\">\n\t\t\t\t<div class=\"elementor-element elementor-element-af81469 elementor-widget elementor-widget-text-editor\" data-id=\"af81469\" data-element_type=\"widget\" data-e-type=\"widget\" data-widget_type=\"text-editor.default\">\n\t\t\t\t<div class=\"elementor-widget-container\">\n\t\t\t\t\t\t\t\t\t<p>Los sectores industriales clave en la econom\u00eda del condado de Ventura incluyen la agricultura, la manufactura, las ciencias biol\u00f3gicas, los servicios de salud y el turismo\/hosteler\u00eda. Cada uno contribuye sustancialmente a la producci\u00f3n econ\u00f3mica del condado y concentra la mayor parte del empleo.<\/p>\t\t\t\t\t\t\t\t<\/div>\n\t\t\t\t<\/div>\n\t\t\t\t<\/div>\n\t\t<div class=\"elementor-element elementor-element-ee66849 e-flex e-con-boxed e-con e-child\" data-id=\"ee66849\" data-element_type=\"container\" data-e-type=\"container\" data-settings=\"{&quot;jet_parallax_layout_list&quot;:[]}\">\n\t\t\t\t\t<div class=\"e-con-inner\">\n\t\t\t\t<div class=\"elementor-element elementor-element-9815a8a elementor-widget elementor-widget-image\" data-id=\"9815a8a\" data-element_type=\"widget\" data-e-type=\"widget\" data-widget_type=\"image.default\">\n\t\t\t\t<div class=\"elementor-widget-container\">\n\t\t\t\t\t\t\t\t\t\t\t\t\t\t\t<img fetchpriority=\"high\" decoding=\"async\" width=\"480\" height=\"200\" src=\"https:\/\/businessforward.venturacounty.gov\/wp-content\/uploads\/2023\/09\/ChannelIslandsHarbor_2018DW_3772-480x200.jpg\" class=\"attachment-medium size-medium wp-image-644\" alt=\"ChannelIslandsHarbor 2018\" srcset=\"https:\/\/businessforward.venturacounty.gov\/wp-content\/uploads\/2023\/09\/ChannelIslandsHarbor_2018DW_3772-480x200.jpg 480w, https:\/\/businessforward.venturacounty.gov\/wp-content\/uploads\/2023\/09\/ChannelIslandsHarbor_2018DW_3772-1024x427.jpg 1024w, https:\/\/businessforward.venturacounty.gov\/wp-content\/uploads\/2023\/09\/ChannelIslandsHarbor_2018DW_3772.jpg 1920w\" sizes=\"(max-width: 480px) 100vw, 480px\" \/>\t\t\t\t\t\t\t\t\t\t\t\t\t\t\t<\/div>\n\t\t\t\t<\/div>\n\t\t\t\t<div class=\"elementor-element elementor-element-759d5a0 elementor-widget elementor-widget-heading\" data-id=\"759d5a0\" data-element_type=\"widget\" data-e-type=\"widget\" data-widget_type=\"heading.default\">\n\t\t\t\t<div class=\"elementor-widget-container\">\n\t\t\t\t\t<p class=\"elementor-heading-title elementor-size-default\">Puerto de Channel Islands, Oxnard<\/p>\t\t\t\t<\/div>\n\t\t\t\t<\/div>\n\t\t\t\t\t<\/div>\n\t\t\t\t<\/div>\n\t\t\t\t\t<\/div>\n\t\t\t\t<\/div>\n\t\t<div class=\"elementor-element elementor-element-5686912 e-flex e-con-boxed e-con e-parent\" data-id=\"5686912\" data-element_type=\"container\" data-e-type=\"container\" data-settings=\"{&quot;jet_parallax_layout_list&quot;:[]}\">\n\t\t\t\t\t<div class=\"e-con-inner\">\n\t\t<div class=\"elementor-element elementor-element-ad2c140 e-con-full e-flex e-con e-child\" data-id=\"ad2c140\" data-element_type=\"container\" data-e-type=\"container\" data-settings=\"{&quot;jet_parallax_layout_list&quot;:[]}\">\n\t\t\t\t<div class=\"elementor-element elementor-element-79ac168 elementor-widget elementor-widget-heading\" data-id=\"79ac168\" data-element_type=\"widget\" data-e-type=\"widget\" data-widget_type=\"heading.default\">\n\t\t\t\t<div class=\"elementor-widget-container\">\n\t\t\t\t\t<h2 class=\"elementor-heading-title elementor-size-default\">Agricultura y tecnolog\u00eda agr\u00edcola<\/h2>\t\t\t\t<\/div>\n\t\t\t\t<\/div>\n\t\t\t\t<div class=\"elementor-element elementor-element-d43fb2e elementor-widget elementor-widget-text-editor\" data-id=\"d43fb2e\" data-element_type=\"widget\" data-e-type=\"widget\" data-widget_type=\"text-editor.default\">\n\t\t\t\t<div class=\"elementor-widget-container\">\n\t\t\t\t\t\t\t\t\t<p>El condado de Ventura es conocido por su diversa y s\u00f3lida industria agr\u00edcola. Su clima mediterr\u00e1neo templado lo convierte en un lugar ideal para el cultivo de una amplia variedad de productos durante todo el a\u00f1o. Entre los principales cultivos se encuentran las fresas (el condado suele ser llamado la &quot;Capital Mundial de la Fresa&quot;), los c\u00edtricos, los aguacates, las verduras cruc\u00edferas y las bayas. Una extensa red de invernaderos y viveros abastece de flores, tomates y, m\u00e1s recientemente, cannabis. El condado de Ventura ha sido el terreno f\u00e9rtil para el crecimiento de potencias agr\u00edcolas globales que cotizan en bolsa, como Limoneira y Calavo.<\/p>\n<p>En el \u00e1mbito de la tecnolog\u00eda agr\u00edcola, los agricultores del condado han estado a la vanguardia del movimiento de agricultura de precisi\u00f3n basada en la ciencia. El uso generalizado de software especializado, tecnolog\u00eda de sensores, informaci\u00f3n SIG e im\u00e1genes a\u00e9reas, que proporcionan datos sobre las condiciones del suelo, los niveles de humedad, los patrones clim\u00e1ticos y la salud de los cultivos, les brinda a los agricultores la informaci\u00f3n que necesitan para optimizar el uso de recursos como el agua, los fertilizantes y los pesticidas. La agricultura en el condado de Ventura es una actividad de \u00faltima generaci\u00f3n.<\/p>\t\t\t\t\t\t\t\t<\/div>\n\t\t\t\t<\/div>\n\t\t\t\t<div class=\"elementor-element elementor-element-7fc4ebe elementor-widget elementor-widget-heading\" data-id=\"7fc4ebe\" data-element_type=\"widget\" data-e-type=\"widget\" data-widget_type=\"heading.default\">\n\t\t\t\t<div class=\"elementor-widget-container\">\n\t\t\t\t\t<h2 class=\"elementor-heading-title elementor-size-default\">Fabricaci\u00f3n y fabricaci\u00f3n avanzada<\/h2>\t\t\t\t<\/div>\n\t\t\t\t<\/div>\n\t\t\t\t<div class=\"elementor-element elementor-element-8672230 elementor-widget elementor-widget-text-editor\" data-id=\"8672230\" data-element_type=\"widget\" data-e-type=\"widget\" data-widget_type=\"text-editor.default\">\n\t\t\t\t<div class=\"elementor-widget-container\">\n\t\t\t\t\t\t\t\t\t<p>El condado de Ventura alberga una amplia gama de fabricantes, muchos de los cuales son l\u00edderes reconocidos mundialmente en sus respectivos sectores. Desde la industria aeroespacial y de defensa hasta los dispositivos m\u00e9dicos y la tecnolog\u00eda, la atractiva ubicaci\u00f3n del condado y el acceso a mano de obra cualificada lo convierten en un lugar ideal para las empresas de fabricaci\u00f3n avanzada. Entre los casos de \u00e9xito se encuentran Haas Automation, uno de los mayores fabricantes de m\u00e1quinas herramienta CNC de EE. UU., y empresas de renombre mundial como Teledyne, Pentair, Baxter Healthcare y DW Drums.<\/p>\t\t\t\t\t\t\t\t<\/div>\n\t\t\t\t<\/div>\n\t\t\t\t<\/div>\n\t\t<div class=\"elementor-element elementor-element-7fbff3f e-con-full e-flex e-con e-child\" data-id=\"7fbff3f\" data-element_type=\"container\" data-e-type=\"container\" data-settings=\"{&quot;jet_parallax_layout_list&quot;:[]}\">\n\t\t\t\t<div class=\"elementor-element elementor-element-8b33d6c elementor-widget elementor-widget-heading\" data-id=\"8b33d6c\" data-element_type=\"widget\" data-e-type=\"widget\" data-widget_type=\"heading.default\">\n\t\t\t\t<div class=\"elementor-widget-container\">\n\t\t\t\t\t<h2 class=\"elementor-heading-title elementor-size-default\">Ciencias de la vida<\/h2>\t\t\t\t<\/div>\n\t\t\t\t<\/div>\n\t\t\t\t<div class=\"elementor-element elementor-element-08c6a36 elementor-widget elementor-widget-text-editor\" data-id=\"08c6a36\" data-element_type=\"widget\" data-e-type=\"widget\" data-widget_type=\"text-editor.default\">\n\t\t\t\t<div class=\"elementor-widget-container\">\n\t\t\t\t\t\t\t\t\t<p>Un importante grupo de empresas de nuevas tecnolog\u00edas est\u00e1 surgiendo en el condado de Ventura, con una concentraci\u00f3n en torno a Camarillo. Empresas como PBS Biotech, Inc. y Cylex se han establecido en la ciudad. Amgen, una de las compa\u00f1\u00edas de biotecnolog\u00eda m\u00e1s reconocidas del mundo, tiene su sede en Thousand Oaks, mientras que decenas de otras tambi\u00e9n se han asentado en el condado de Ventura. De hecho, la lista incluye a las empresas m\u00e1s importantes del sector de las ciencias biol\u00f3gicas y la biotecnolog\u00eda, como Amethyst Life Sciences, que re\u00fane a equipos de cient\u00edficos e ingenieros creativos con ejecutivos de negocios experimentados para atender mercados desatendidos, as\u00ed como Savesta Life Sciences y Biocom California.<\/p>\t\t\t\t\t\t\t\t<\/div>\n\t\t\t\t<\/div>\n\t\t\t\t<div class=\"elementor-element elementor-element-559dfdd elementor-widget elementor-widget-heading\" data-id=\"559dfdd\" data-element_type=\"widget\" data-e-type=\"widget\" data-widget_type=\"heading.default\">\n\t\t\t\t<div class=\"elementor-widget-container\">\n\t\t\t\t\t<h2 class=\"elementor-heading-title elementor-size-default\">Cuidado de la salud<\/h2>\t\t\t\t<\/div>\n\t\t\t\t<\/div>\n\t\t\t\t<div class=\"elementor-element elementor-element-5810a54 elementor-widget elementor-widget-text-editor\" data-id=\"5810a54\" data-element_type=\"widget\" data-e-type=\"widget\" data-widget_type=\"text-editor.default\">\n\t\t\t\t<div class=\"elementor-widget-container\">\n\t\t\t\t\t\t\t\t\t<p>El sector sanitario sigue creciendo en el condado de Ventura. El mayor empleo\u00a0<em>crecimiento<\/em>\u00a0Se prev\u00e9 que durante los pr\u00f3ximos cinco a\u00f1os contin\u00fae la tendencia tradicional orientada al servicio.\u00a0<em>sectores<\/em>\u00a0incluido\u00a0<em>la atenci\u00f3n m\u00e9dica<\/em>\u00a0En la actualidad, el sector sanitario en la ciudad de Ventura es su mayor empleador; el mayor empleador del sector privado es Community Memorial Health System, que gestiona el hospital sin \u00e1nimo de lucro Community Memorial Hospital.<\/p>\t\t\t\t\t\t\t\t<\/div>\n\t\t\t\t<\/div>\n\t\t\t\t<div class=\"elementor-element elementor-element-45d9ce9 elementor-widget elementor-widget-heading\" data-id=\"45d9ce9\" data-element_type=\"widget\" data-e-type=\"widget\" data-widget_type=\"heading.default\">\n\t\t\t\t<div class=\"elementor-widget-container\">\n\t\t\t\t\t<h2 class=\"elementor-heading-title elementor-size-default\">Viajes, turismo y hosteler\u00eda<\/h2>\t\t\t\t<\/div>\n\t\t\t\t<\/div>\n\t\t\t\t<div class=\"elementor-element elementor-element-72d29b6 elementor-widget elementor-widget-text-editor\" data-id=\"72d29b6\" data-element_type=\"widget\" data-e-type=\"widget\" data-widget_type=\"text-editor.default\">\n\t\t\t\t<div class=\"elementor-widget-container\">\n\t\t\t\t\t\t\t\t\t<p>Los viajes y el turismo son un motor econ\u00f3mico para el condado de Ventura. Los visitantes aportaron casi 1800 millones de d\u00f3lares en gastos relacionados con los viajes. La regi\u00f3n tiene mucho que ofrecer, desde el ambiente de los pueblos costeros hasta el encanto de los pueblos peque\u00f1os, todo a precios asequibles. El condado de Ventura goza de temperaturas moderadas durante todo el a\u00f1o, lo que lo convierte en un lugar ideal para aventuras al aire libre, como el surf y el kayak. A poca distancia de la costa, los visitantes tambi\u00e9n pueden explorar el Parque Nacional de las Islas del Canal, uno de los tesoros m\u00e1gicos de Norteam\u00e9rica.<\/p>\t\t\t\t\t\t\t\t<\/div>\n\t\t\t\t<\/div>\n\t\t\t\t<\/div>\n\t\t\t\t\t<\/div>\n\t\t\t\t<\/div>\n\t\t\t\t<\/div>","protected":false},"excerpt":{"rendered":"<p>Thriving Industry Sectors Limoneira, Santa Paula Key industry sectors in the Ventura County economy include agriculture, manufacturing, life sciences, health services and travel\/tourism\/hospitality.\u00a0Each contributes substantially to the economic output of [&hellip;]<\/p>\n","protected":false},"author":5,"featured_media":0,"parent":0,"menu_order":0,"comment_status":"closed","ping_status":"closed","template":"","meta":{"footnotes":""},"class_list":["post-36267","page","type-page","status-publish","hentry"],"_links":{"self":[{"href":"https:\/\/businessforward.venturacounty.gov\/es\/wp-json\/wp\/v2\/pages\/36267","targetHints":{"allow":["GET"]}}],"collection":[{"href":"https:\/\/businessforward.venturacounty.gov\/es\/wp-json\/wp\/v2\/pages"}],"about":[{"href":"https:\/\/businessforward.venturacounty.gov\/es\/wp-json\/wp\/v2\/types\/page"}],"author":[{"embeddable":true,"href":"https:\/\/businessforward.venturacounty.gov\/es\/wp-json\/wp\/v2\/users\/5"}],"replies":[{"embeddable":true,"href":"https:\/\/businessforward.venturacounty.gov\/es\/wp-json\/wp\/v2\/comments?post=36267"}],"version-history":[{"count":0,"href":"https:\/\/businessforward.venturacounty.gov\/es\/wp-json\/wp\/v2\/pages\/36267\/revisions"}],"wp:attachment":[{"href":"https:\/\/businessforward.venturacounty.gov\/es\/wp-json\/wp\/v2\/media?parent=36267"}],"curies":[{"name":"wp","href":"https:\/\/api.w.org\/{rel}","templated":true}]}}