{"id":36269,"date":"2023-09-13T12:13:01","date_gmt":"2023-09-13T19:13:01","guid":{"rendered":"https:\/\/businessforward.venturacounty.gov\/?page_id=36269"},"modified":"2026-04-04T19:51:58","modified_gmt":"2026-04-05T02:51:58","slug":"naval-base-ventura-county","status":"publish","type":"page","link":"https:\/\/businessforward.venturacounty.gov\/es\/naval-base-ventura-county\/","title":{"rendered":"Base Naval del Condado de Ventura"},"content":{"rendered":"<div data-elementor-type=\"wp-page\" data-elementor-id=\"36269\" class=\"elementor elementor-36269\" data-elementor-post-type=\"page\">\n\t\t\t\t<div class=\"elementor-element elementor-element-38fd5d1 e-flex e-con-boxed e-con e-parent\" data-id=\"38fd5d1\" data-element_type=\"container\" data-e-type=\"container\" data-settings=\"{&quot;background_background&quot;:&quot;classic&quot;,&quot;jet_parallax_layout_list&quot;:[]}\">\n\t\t\t\t\t<div class=\"e-con-inner\">\n\t\t\t\t<div class=\"elementor-element elementor-element-04053fb elementor-widget elementor-widget-heading\" data-id=\"04053fb\" data-element_type=\"widget\" data-e-type=\"widget\" data-widget_type=\"heading.default\">\n\t\t\t\t<div class=\"elementor-widget-container\">\n\t\t\t\t\t<h2 class=\"elementor-heading-title elementor-size-default\">Base Naval del Condado de Ventura<\/h2>\t\t\t\t<\/div>\n\t\t\t\t<\/div>\n\t\t\t\t\t<\/div>\n\t\t\t\t<\/div>\n\t\t<div class=\"elementor-element elementor-element-ab1c45d e-flex e-con-boxed e-con e-parent\" data-id=\"ab1c45d\" data-element_type=\"container\" data-e-type=\"container\" data-settings=\"{&quot;jet_parallax_layout_list&quot;:[]}\">\n\t\t\t\t\t<div class=\"e-con-inner\">\n\t\t<div class=\"elementor-element elementor-element-0bbd4a1 e-con-full e-flex e-con e-child\" data-id=\"0bbd4a1\" data-element_type=\"container\" data-e-type=\"container\" data-settings=\"{&quot;jet_parallax_layout_list&quot;:[]}\">\n\t\t\t\t<div class=\"elementor-element elementor-element-12c8e96 elementor-widget elementor-widget-text-editor\" data-id=\"12c8e96\" data-element_type=\"widget\" data-e-type=\"widget\" data-widget_type=\"text-editor.default\">\n\t\t\t\t<div class=\"elementor-widget-container\">\n\t\t\t\t\t\t\t\t\t<p>La Base Naval del Condado de Ventura (NBVC) es una base de la Armada de los Estados Unidos ubicada en el Condado de Ventura, California, en la vasta llanura de Oxnard, a tan solo 48 kil\u00f3metros al noroeste de Los \u00c1ngeles. En el a\u00f1o 2000, la base se form\u00f3 mediante la fusi\u00f3n de la Estaci\u00f3n Aeronaval de Point Mugu y el Centro del Batall\u00f3n de Construcci\u00f3n Naval de Port Hueneme. Esta zona costera del sur de California ofrece acceso directo al Campo de Pruebas Mar\u00edtimas de Point Mugu, el primer campo de pruebas de misiles instrumentados de la Armada y el m\u00e1s grande del mundo. Actualmente, la NBVC cuenta con una poblaci\u00f3n de m\u00e1s de 19\u00a0000 personas, lo que la convierte en el mayor empleador del Condado de Ventura.<\/p>\t\t\t\t\t\t\t\t<\/div>\n\t\t\t\t<\/div>\n\t\t\t\t<\/div>\n\t\t<div class=\"elementor-element elementor-element-c82e83a e-flex e-con-boxed e-con e-child\" data-id=\"c82e83a\" data-element_type=\"container\" data-e-type=\"container\" data-settings=\"{&quot;jet_parallax_layout_list&quot;:[]}\">\n\t\t\t\t\t<div class=\"e-con-inner\">\n\t\t\t\t<div class=\"elementor-element elementor-element-86b4acb elementor-widget elementor-widget-image\" data-id=\"86b4acb\" data-element_type=\"widget\" data-e-type=\"widget\" data-widget_type=\"image.default\">\n\t\t\t\t<div class=\"elementor-widget-container\">\n\t\t\t\t\t\t\t\t\t\t\t\t\t\t\t<img fetchpriority=\"high\" decoding=\"async\" width=\"480\" height=\"258\" src=\"https:\/\/businessforward.venturacounty.gov\/wp-content\/uploads\/2023\/09\/pt-mugu-sea-range-480x258.jpg\" class=\"attachment-medium size-medium wp-image-751\" alt=\"Pt Mugu Sea Range\" srcset=\"https:\/\/businessforward.venturacounty.gov\/wp-content\/uploads\/2023\/09\/pt-mugu-sea-range-480x258.jpg 480w, https:\/\/businessforward.venturacounty.gov\/wp-content\/uploads\/2023\/09\/pt-mugu-sea-range-1024x551.jpg 1024w, https:\/\/businessforward.venturacounty.gov\/wp-content\/uploads\/2023\/09\/pt-mugu-sea-range.jpg 1358w\" sizes=\"(max-width: 480px) 100vw, 480px\" \/>\t\t\t\t\t\t\t\t\t\t\t\t\t\t\t<\/div>\n\t\t\t\t<\/div>\n\t\t\t\t\t<\/div>\n\t\t\t\t<\/div>\n\t\t\t\t\t<\/div>\n\t\t\t\t<\/div>\n\t\t<div class=\"elementor-element elementor-element-f7bf96f e-flex e-con-boxed e-con e-parent\" data-id=\"f7bf96f\" data-element_type=\"container\" data-e-type=\"container\" data-settings=\"{&quot;jet_parallax_layout_list&quot;:[]}\">\n\t\t\t\t\t<div class=\"e-con-inner\">\n\t\t<div class=\"elementor-element elementor-element-998aa3d e-con-full e-flex e-con e-child\" data-id=\"998aa3d\" data-element_type=\"container\" data-e-type=\"container\" data-settings=\"{&quot;jet_parallax_layout_list&quot;:[]}\">\n\t\t<div class=\"elementor-element elementor-element-51e420d e-con-full e-flex e-con e-child\" data-id=\"51e420d\" data-element_type=\"container\" data-e-type=\"container\" data-settings=\"{&quot;jet_parallax_layout_list&quot;:[]}\">\n\t\t\t\t<div class=\"elementor-element elementor-element-a5c3537 elementor-widget elementor-widget-heading\" data-id=\"a5c3537\" data-element_type=\"widget\" data-e-type=\"widget\" data-widget_type=\"heading.default\">\n\t\t\t\t<div class=\"elementor-widget-container\">\n\t\t\t\t\t<h2 class=\"elementor-heading-title elementor-size-default\">Tres instalaciones principales<\/h2>\t\t\t\t<\/div>\n\t\t\t\t<\/div>\n\t\t\t\t<div class=\"elementor-element elementor-element-d3cdeb0 elementor-widget-divider--view-line elementor-widget elementor-widget-divider\" data-id=\"d3cdeb0\" data-element_type=\"widget\" data-e-type=\"widget\" data-widget_type=\"divider.default\">\n\t\t\t\t<div class=\"elementor-widget-container\">\n\t\t\t\t\t\t\t<div class=\"elementor-divider\">\n\t\t\t<span class=\"elementor-divider-separator\">\n\t\t\t\t\t\t<\/span>\n\t\t<\/div>\n\t\t\t\t\t\t<\/div>\n\t\t\t\t<\/div>\n\t\t\t\t<div class=\"elementor-element elementor-element-94a395a elementor-widget elementor-widget-text-editor\" data-id=\"94a395a\" data-element_type=\"widget\" data-e-type=\"widget\" data-widget_type=\"text-editor.default\">\n\t\t\t\t<div class=\"elementor-widget-container\">\n\t\t\t\t\t\t\t\t\t<p>Como infraestructura naval clave del Departamento de Defensa, el NBVC se compone de tres instalaciones principales: Point Mugu, Port Hueneme y la isla de San Nicol\u00e1s. El NBVC proporciona a la Flota del Pac\u00edfico de EE. UU. un centro de movilizaci\u00f3n de primer nivel, que incluye un puerto de aguas profundas, una terminal ferroviaria y un aer\u00f3dromo. La Divisi\u00f3n de Operaciones Portuarias del NBVC coordina todos los servicios portuarios, tanto contractuales (remolcadores, pr\u00e1cticos, combustible y eliminaci\u00f3n de materiales peligrosos) como no contractuales, para los buques de la Armada que visitan la zona, los inquilinos y las embarcaciones de la Regi\u00f3n Suroeste.<\/p>\n<p>NBVC alberga a los Seabees del Pac\u00edfico, los E-2\/D Hawkeyes de la Costa Oeste, la Divisi\u00f3n de Armamento del Centro de Guerra A\u00e9rea Naval, el Centro de Guerra de Superficie Naval PHD, el Centro de Ingenier\u00eda y Guerra Expedicionaria del Comando de Ingenier\u00eda de Instalaciones Navales y la Divisi\u00f3n 1 de Buques de Superficie No Tripulados. Adem\u00e1s, la base presta apoyo a m\u00e1s de 100 comandos inquilinos, unidades ubicadas en la base pero que no forman parte de la cadena de mando.<\/p>\t\t\t\t\t\t\t\t<\/div>\n\t\t\t\t<\/div>\n\t\t\t\t<\/div>\n\t\t<div class=\"elementor-element elementor-element-2f8a68c e-con-full e-flex e-con e-child\" data-id=\"2f8a68c\" data-element_type=\"container\" data-e-type=\"container\" data-settings=\"{&quot;jet_parallax_layout_list&quot;:[]}\">\n\t\t\t\t<div class=\"elementor-element elementor-element-3b09802 elementor-widget elementor-widget-heading\" data-id=\"3b09802\" data-element_type=\"widget\" data-e-type=\"widget\" data-widget_type=\"heading.default\">\n\t\t\t\t<div class=\"elementor-widget-container\">\n\t\t\t\t\t<h2 class=\"elementor-heading-title elementor-size-default\">Asociaci\u00f3n con<br> FATHOMWERX<\/h2>\t\t\t\t<\/div>\n\t\t\t\t<\/div>\n\t\t\t\t<div class=\"elementor-element elementor-element-13a53f4 elementor-widget elementor-widget-text-editor\" data-id=\"13a53f4\" data-element_type=\"widget\" data-e-type=\"widget\" data-widget_type=\"text-editor.default\">\n\t\t\t\t<div class=\"elementor-widget-container\">\n\t\t\t\t\t\t\t\t\t<p>NBVC tambi\u00e9n tiene el honor de colaborar con FATHOMWERX, una empresa innovadora en el dise\u00f1o de tecnolog\u00edas que fusionan el mundo acad\u00e9mico, las empresas civiles y otros socios no tradicionales del Departamento de Defensa, quienes trabajan en los problemas m\u00e1s complejos del Departamento de Defensa y la Divisi\u00f3n Mar\u00edtima de EE. UU. Esta colaboraci\u00f3n est\u00e1 integrada por el Puerto de Hueneme, el Centro de Guerra de Superficie Naval (Divisi\u00f3n Puerto Hueneme), Matter Labs y la Colaboraci\u00f3n para el Desarrollo Econ\u00f3mico. El objetivo es reunir a las mentes m\u00e1s brillantes para resolver problemas complejos.<\/p>\t\t\t\t\t\t\t\t<\/div>\n\t\t\t\t<\/div>\n\t\t\t\t<div class=\"elementor-element elementor-element-518b9d2 elementor-widget elementor-widget-heading\" data-id=\"518b9d2\" data-element_type=\"widget\" data-e-type=\"widget\" data-widget_type=\"heading.default\">\n\t\t\t\t<div class=\"elementor-widget-container\">\n\t\t\t\t\t<h2 class=\"elementor-heading-title elementor-size-default\">Sede del puente tecnol\u00f3gico de NavalX<\/h2>\t\t\t\t<\/div>\n\t\t\t\t<\/div>\n\t\t\t\t<div class=\"elementor-element elementor-element-32978bf elementor-widget elementor-widget-text-editor\" data-id=\"32978bf\" data-element_type=\"widget\" data-e-type=\"widget\" data-widget_type=\"text-editor.default\">\n\t\t\t\t<div class=\"elementor-widget-container\">\n\t\t\t\t\t\t\t\t\t<p>En 2020,\u00a0<a href=\"https:\/\/cts.businesswire.com\/ct\/CT?id=smartlink&amp;url=https%3A%2F%2Fwww.secnav.navy.mil%2Fagility%2FPages%2Fdefault.aspx&amp;esheet=52221162&amp;newsitemid=20200514005763&amp;lan=en-US&amp;anchor=NavalX&amp;index=1&amp;md5=cfc7e09cac0d489f03d753a6db8311e7\" target=\"_blank\" rel=\"noopener\" aria-label=\"Se abre en una pesta\u00f1a nueva.\" data-uw-rm-brl=\"PR\" data-uw-original-href=\"https:\/\/cts.businesswire.com\/ct\/CT?id=smartlink&amp;url=https%3A%2F%2Fwww.secnav.navy.mil%2Fagility%2FPages%2Fdefault.aspx&amp;esheet=52221162&amp;newsitemid=20200514005763&amp;lan=en-US&amp;anchor=NavalX&amp;index=1&amp;md5=cfc7e09cac0d489f03d753a6db8311e7\" data-uw-rm-ext-link=\"na\">NavalX<\/a>\u00a0NavalX emiti\u00f3 un comunicado p\u00fablico anunciando a Ventura como una de sus seis nuevas sedes de Tech Bridge, en el marco de una iniciativa nacional para duplicar el n\u00famero total de instalaciones. La selecci\u00f3n se bas\u00f3 en la diversidad y riqueza geogr\u00e1fica de Ventura, que cuenta con universidades p\u00fablicas y privadas, un corredor de alta tecnolog\u00eda y la Base Naval del Condado de Ventura. El Tech Bridge de NavalX en Ventura tiene su sede en el laboratorio FATHOMWERX, en el Puerto de Hueneme.<\/p>\n<p>Los puentes tecnol\u00f3gicos regionales, como Tech Bridge Ventura, ayudan a los l\u00edderes navales a abordar los desaf\u00edos operativos con soluciones escalables a nivel mundial. Esta red interconectada de centros de innovaci\u00f3n fomenta la colaboraci\u00f3n entre los laboratorios navales, la industria, el mundo acad\u00e9mico y otras organizaciones militares.<\/p>\t\t\t\t\t\t\t\t<\/div>\n\t\t\t\t<\/div>\n\t\t\t\t<\/div>\n\t\t\t\t<\/div>\n\t\t\t\t\t<\/div>\n\t\t\t\t<\/div>\n\t\t\t\t<\/div>","protected":false},"excerpt":{"rendered":"<p>Naval Base Ventura County Naval Base Ventura County (NBVC) is a United States Navy\u00a0base in\u00a0Ventura County, California, on the vast Oxnard plain, just 30 miles northwest of Los Angeles. In [&hellip;]<\/p>\n","protected":false},"author":5,"featured_media":0,"parent":0,"menu_order":0,"comment_status":"closed","ping_status":"closed","template":"","meta":{"footnotes":""},"class_list":["post-36269","page","type-page","status-publish","hentry"],"_links":{"self":[{"href":"https:\/\/businessforward.venturacounty.gov\/es\/wp-json\/wp\/v2\/pages\/36269","targetHints":{"allow":["GET"]}}],"collection":[{"href":"https:\/\/businessforward.venturacounty.gov\/es\/wp-json\/wp\/v2\/pages"}],"about":[{"href":"https:\/\/businessforward.venturacounty.gov\/es\/wp-json\/wp\/v2\/types\/page"}],"author":[{"embeddable":true,"href":"https:\/\/businessforward.venturacounty.gov\/es\/wp-json\/wp\/v2\/users\/5"}],"replies":[{"embeddable":true,"href":"https:\/\/businessforward.venturacounty.gov\/es\/wp-json\/wp\/v2\/comments?post=36269"}],"version-history":[{"count":0,"href":"https:\/\/businessforward.venturacounty.gov\/es\/wp-json\/wp\/v2\/pages\/36269\/revisions"}],"wp:attachment":[{"href":"https:\/\/businessforward.venturacounty.gov\/es\/wp-json\/wp\/v2\/media?parent=36269"}],"curies":[{"name":"wp","href":"https:\/\/api.w.org\/{rel}","templated":true}]}}