{"id":36691,"date":"2023-09-20T14:57:21","date_gmt":"2023-09-20T21:57:21","guid":{"rendered":"https:\/\/businessforward.venturacounty.gov\/?page_id=36691"},"modified":"2026-04-04T22:20:37","modified_gmt":"2026-04-05T05:20:37","slug":"news","status":"publish","type":"page","link":"https:\/\/businessforward.venturacounty.gov\/es\/news\/","title":{"rendered":"Noticias"},"content":{"rendered":"<div data-elementor-type=\"wp-page\" data-elementor-id=\"36691\" class=\"elementor elementor-36691\" data-elementor-post-type=\"page\">\n\t\t\t\t<div class=\"elementor-element elementor-element-841790f e-flex e-con-boxed e-con e-parent\" data-id=\"841790f\" data-element_type=\"container\" data-e-type=\"container\" data-settings=\"{&quot;background_background&quot;:&quot;classic&quot;,&quot;jet_parallax_layout_list&quot;:[]}\">\n\t\t\t\t\t<div class=\"e-con-inner\">\n\t\t\t\t<div class=\"elementor-element elementor-element-d8e280d elementor-widget elementor-widget-heading\" data-id=\"d8e280d\" data-element_type=\"widget\" data-e-type=\"widget\" data-widget_type=\"heading.default\">\n\t\t\t\t<div class=\"elementor-widget-container\">\n\t\t\t\t\t<h2 class=\"elementor-heading-title elementor-size-default\">Blog de negocios<\/h2>\t\t\t\t<\/div>\n\t\t\t\t<\/div>\n\t\t\t\t<div class=\"elementor-element elementor-element-c6b4acf elementor-widget elementor-widget-heading\" data-id=\"c6b4acf\" data-element_type=\"widget\" data-e-type=\"widget\" data-widget_type=\"heading.default\">\n\t\t\t\t<div class=\"elementor-widget-container\">\n\t\t\t\t\t<p class=\"elementor-heading-title elementor-size-default\">Playa de Oxnard<\/p>\t\t\t\t<\/div>\n\t\t\t\t<\/div>\n\t\t\t\t\t<\/div>\n\t\t\t\t<\/div>\n\t\t<div class=\"elementor-element elementor-element-0354b02 e-flex e-con-boxed e-con e-parent\" data-id=\"0354b02\" data-element_type=\"container\" data-e-type=\"container\" data-settings=\"{&quot;jet_parallax_layout_list&quot;:[]}\">\n\t\t\t\t\t<div class=\"e-con-inner\">\n\t\t<div class=\"elementor-element elementor-element-f3df87b e-con-full e-flex e-con e-child\" data-id=\"f3df87b\" data-element_type=\"container\" data-e-type=\"container\" data-settings=\"{&quot;jet_parallax_layout_list&quot;:[]}\">\n\t\t\t\t<div class=\"elementor-element elementor-element-bf262c4 elementor-grid-3 elementor-grid-tablet-2 elementor-grid-mobile-1 elementor-posts--thumbnail-top elementor-widget elementor-widget-posts\" data-id=\"bf262c4\" data-element_type=\"widget\" data-e-type=\"widget\" data-settings=\"{&quot;pagination_type&quot;:&quot;numbers_and_prev_next&quot;,&quot;classic_columns&quot;:&quot;3&quot;,&quot;classic_columns_tablet&quot;:&quot;2&quot;,&quot;classic_columns_mobile&quot;:&quot;1&quot;,&quot;classic_row_gap&quot;:{&quot;unit&quot;:&quot;px&quot;,&quot;size&quot;:35,&quot;sizes&quot;:[]},&quot;classic_row_gap_tablet&quot;:{&quot;unit&quot;:&quot;px&quot;,&quot;size&quot;:&quot;&quot;,&quot;sizes&quot;:[]},&quot;classic_row_gap_mobile&quot;:{&quot;unit&quot;:&quot;px&quot;,&quot;size&quot;:&quot;&quot;,&quot;sizes&quot;:[]}}\" data-widget_type=\"posts.classic\">\n\t\t\t\t<div class=\"elementor-widget-container\">\n\t\t\t\t\t\t\t<div class=\"elementor-posts-container elementor-posts elementor-posts--skin-classic elementor-grid\" role=\"list\">\n\t\t\t\t<article class=\"elementor-post elementor-grid-item post-37908 post type-post status-publish format-standard has-post-thumbnail hentry category-uncategorized\" role=\"listitem\">\n\t\t\t\t<a class=\"elementor-post__thumbnail__link\" href=\"https:\/\/businessforward.venturacounty.gov\/es\/sports-tourism-preparing-for-the-olympics-world-cup-and-more\/\" tabindex=\"-1\" >\n\t\t\t<div class=\"elementor-post__thumbnail\"><img fetchpriority=\"high\" decoding=\"async\" width=\"480\" height=\"237\" src=\"https:\/\/businessforward.venturacounty.gov\/wp-content\/uploads\/2026\/02\/Sports-Venues-in-Ventura-Couty-480x237.jpg\" class=\"attachment-medium size-medium wp-image-37912\" alt=\"\" srcset=\"https:\/\/businessforward.venturacounty.gov\/wp-content\/uploads\/2026\/02\/Sports-Venues-in-Ventura-Couty-480x237.jpg 480w, https:\/\/businessforward.venturacounty.gov\/wp-content\/uploads\/2026\/02\/Sports-Venues-in-Ventura-Couty-1024x505.jpg 1024w, https:\/\/businessforward.venturacounty.gov\/wp-content\/uploads\/2026\/02\/Sports-Venues-in-Ventura-Couty-768x379.jpg 768w, https:\/\/businessforward.venturacounty.gov\/wp-content\/uploads\/2026\/02\/Sports-Venues-in-Ventura-Couty-1536x758.jpg 1536w, https:\/\/businessforward.venturacounty.gov\/wp-content\/uploads\/2026\/02\/Sports-Venues-in-Ventura-Couty.jpg 1920w\" sizes=\"(max-width: 480px) 100vw, 480px\" \/><\/div>\n\t\t<\/a>\n\t\t\t\t<div class=\"elementor-post__text\">\n\t\t\t\t<h2 class=\"elementor-post__title\">\n\t\t\t<a href=\"https:\/\/businessforward.venturacounty.gov\/es\/sports-tourism-preparing-for-the-olympics-world-cup-and-more\/\" >\n\t\t\t\tTURISMO DEPORTIVO: Prepar\u00e1ndose para los Juegos Ol\u00edmpicos, la Copa del Mundo y m\u00e1s\t\t\t<\/a>\n\t\t<\/h2>\n\t\t\t\t<div class=\"elementor-post__meta-data\">\n\t\t\t\t\t<span class=\"elementor-post-date\">\n\t\t\t25 de febrero de 2026\t\t<\/span>\n\t\t\t\t<\/div>\n\t\t\t\t<div class=\"elementor-post__excerpt\">\n\t\t\t<p>Con eventos deportivos mundiales como la Copa Mundial de la FIFA 2026 y los Juegos Ol\u00edmpicos y Paral\u00edmpicos de Los \u00c1ngeles 2028 en el horizonte, California se est\u00e1 preparando para lo que podr\u00eda ser el<\/p>\n\t\t<\/div>\n\t\t\n\t\t<a class=\"elementor-post__read-more\" href=\"https:\/\/businessforward.venturacounty.gov\/es\/sports-tourism-preparing-for-the-olympics-world-cup-and-more\/\" aria-label=\"Read more about SPORTS TOURISM: Preparing for the Olympics, World Cup and More\" tabindex=\"-1\" >\n\t\t\tLeer m\u00e1s &quot;\u00bb\t\t<\/a>\n\n\t\t\t\t<\/div>\n\t\t\t\t<\/article>\n\t\t\t\t<article class=\"elementor-post elementor-grid-item post-37705 post type-post status-publish format-standard has-post-thumbnail hentry category-uncategorized\" role=\"listitem\">\n\t\t\t\t<a class=\"elementor-post__thumbnail__link\" href=\"https:\/\/businessforward.venturacounty.gov\/es\/new-year-new-laws-2026-laws-impacting-ventura-county-businesses\/\" tabindex=\"-1\" >\n\t\t\t<div class=\"elementor-post__thumbnail\"><img decoding=\"async\" width=\"480\" height=\"330\" src=\"https:\/\/businessforward.venturacounty.gov\/wp-content\/uploads\/2026\/01\/Sacramento-California-State-Capitol-scaled-1-480x330.jpg\" class=\"attachment-medium size-medium wp-image-37911\" alt=\"California state capitol building\" srcset=\"https:\/\/businessforward.venturacounty.gov\/wp-content\/uploads\/2026\/01\/Sacramento-California-State-Capitol-scaled-1-480x330.jpg 480w, https:\/\/businessforward.venturacounty.gov\/wp-content\/uploads\/2026\/01\/Sacramento-California-State-Capitol-scaled-1-1024x704.jpg 1024w, https:\/\/businessforward.venturacounty.gov\/wp-content\/uploads\/2026\/01\/Sacramento-California-State-Capitol-scaled-1-768x528.jpg 768w, https:\/\/businessforward.venturacounty.gov\/wp-content\/uploads\/2026\/01\/Sacramento-California-State-Capitol-scaled-1-1536x1056.jpg 1536w, https:\/\/businessforward.venturacounty.gov\/wp-content\/uploads\/2026\/01\/Sacramento-California-State-Capitol-scaled-1-2048x1408.jpg 2048w\" sizes=\"(max-width: 480px) 100vw, 480px\" \/><\/div>\n\t\t<\/a>\n\t\t\t\t<div class=\"elementor-post__text\">\n\t\t\t\t<h2 class=\"elementor-post__title\">\n\t\t\t<a href=\"https:\/\/businessforward.venturacounty.gov\/es\/new-year-new-laws-2026-laws-impacting-ventura-county-businesses\/\" >\n\t\t\t\tA\u00f1o nuevo, leyes nuevas: Leyes de 2026 que afectan a las empresas del condado de Ventura\t\t\t<\/a>\n\t\t<\/h2>\n\t\t\t\t<div class=\"elementor-post__meta-data\">\n\t\t\t\t\t<span class=\"elementor-post-date\">\n\t\t\t21 de enero de 2026\t\t<\/span>\n\t\t\t\t<\/div>\n\t\t\t\t<div class=\"elementor-post__excerpt\">\n\t\t\t<p>El nuevo a\u00f1o trae nuevas leyes, y 2026 no es una excepci\u00f3n. A partir del 1 de enero, entraron en vigor varias leyes de California que afectan directamente a las peque\u00f1as empresas, desde cu\u00e1nto paga<\/p>\n\t\t<\/div>\n\t\t\n\t\t<a class=\"elementor-post__read-more\" href=\"https:\/\/businessforward.venturacounty.gov\/es\/new-year-new-laws-2026-laws-impacting-ventura-county-businesses\/\" aria-label=\"Read more about New Year, New Laws: 2026 Laws Impacting Ventura County Businesses\" tabindex=\"-1\" >\n\t\t\tLeer m\u00e1s &quot;\u00bb\t\t<\/a>\n\n\t\t\t\t<\/div>\n\t\t\t\t<\/article>\n\t\t\t\t<article class=\"elementor-post elementor-grid-item post-37907 post type-post status-publish format-standard has-post-thumbnail hentry category-blog\" role=\"listitem\">\n\t\t\t\t<a class=\"elementor-post__thumbnail__link\" href=\"https:\/\/businessforward.venturacounty.gov\/es\/why-shopping-local-matters-this-holiday-season\/\" tabindex=\"-1\" >\n\t\t\t<div class=\"elementor-post__thumbnail\"><img decoding=\"async\" width=\"480\" height=\"320\" src=\"https:\/\/businessforward.venturacounty.gov\/wp-content\/uploads\/2025\/12\/main-street-santa-paula-1200x800-1-480x320.jpg\" class=\"attachment-medium size-medium wp-image-37701\" alt=\"\" srcset=\"https:\/\/businessforward.venturacounty.gov\/wp-content\/uploads\/2025\/12\/main-street-santa-paula-1200x800-1-480x320.jpg 480w, https:\/\/businessforward.venturacounty.gov\/wp-content\/uploads\/2025\/12\/main-street-santa-paula-1200x800-1-1024x683.jpg 1024w, https:\/\/businessforward.venturacounty.gov\/wp-content\/uploads\/2025\/12\/main-street-santa-paula-1200x800-1-768x512.jpg 768w, https:\/\/businessforward.venturacounty.gov\/wp-content\/uploads\/2025\/12\/main-street-santa-paula-1200x800-1.jpg 1200w\" sizes=\"(max-width: 480px) 100vw, 480px\" \/><\/div>\n\t\t<\/a>\n\t\t\t\t<div class=\"elementor-post__text\">\n\t\t\t\t<h2 class=\"elementor-post__title\">\n\t\t\t<a href=\"https:\/\/businessforward.venturacounty.gov\/es\/why-shopping-local-matters-this-holiday-season\/\" >\n\t\t\t\tPor qu\u00e9 es importante comprar en comercios locales esta temporada navide\u00f1a.\t\t\t<\/a>\n\t\t<\/h2>\n\t\t\t\t<div class=\"elementor-post__meta-data\">\n\t\t\t\t\t<span class=\"elementor-post-date\">\n\t\t\t19 de diciembre de 2025\t\t<\/span>\n\t\t\t\t<\/div>\n\t\t\t\t<div class=\"elementor-post__excerpt\">\n\t\t\t<p>Lleg\u00f3 la temporada navide\u00f1a, un tiempo para celebrar, conectar y ser generosos. Tambi\u00e9n es una gran oportunidad para invertir en el coraz\u00f3n de nuestras comunidades aqu\u00ed mismo, en el condado de Ventura.<\/p>\n\t\t<\/div>\n\t\t\n\t\t<a class=\"elementor-post__read-more\" href=\"https:\/\/businessforward.venturacounty.gov\/es\/why-shopping-local-matters-this-holiday-season\/\" aria-label=\"Read more about Why Shopping Local Matters This Holiday Season\" tabindex=\"-1\" >\n\t\t\tLeer m\u00e1s &quot;\u00bb\t\t<\/a>\n\n\t\t\t\t<\/div>\n\t\t\t\t<\/article>\n\t\t\t\t<article class=\"elementor-post elementor-grid-item post-37693 post type-post status-publish format-standard has-post-thumbnail hentry category-uncategorized\" role=\"listitem\">\n\t\t\t\t<a class=\"elementor-post__thumbnail__link\" href=\"https:\/\/businessforward.venturacounty.gov\/es\/lightcast-economic-overview-report-a-birds-eye-view-of-our-economy\/\" tabindex=\"-1\" >\n\t\t\t<div class=\"elementor-post__thumbnail\"><img loading=\"lazy\" decoding=\"async\" width=\"480\" height=\"364\" src=\"https:\/\/businessforward.venturacounty.gov\/wp-content\/uploads\/2025\/11\/Lightcast-480x364.png\" class=\"attachment-medium size-medium wp-image-37910\" alt=\"\" srcset=\"https:\/\/businessforward.venturacounty.gov\/wp-content\/uploads\/2025\/11\/Lightcast-480x364.png 480w, https:\/\/businessforward.venturacounty.gov\/wp-content\/uploads\/2025\/11\/Lightcast-768x583.png 768w, https:\/\/businessforward.venturacounty.gov\/wp-content\/uploads\/2025\/11\/Lightcast.png 913w\" sizes=\"(max-width: 480px) 100vw, 480px\" \/><\/div>\n\t\t<\/a>\n\t\t\t\t<div class=\"elementor-post__text\">\n\t\t\t\t<h2 class=\"elementor-post__title\">\n\t\t\t<a href=\"https:\/\/businessforward.venturacounty.gov\/es\/lightcast-economic-overview-report-a-birds-eye-view-of-our-economy\/\" >\n\t\t\t\tInforme de panorama econ\u00f3mico de Lightcast: Una visi\u00f3n general de nuestra econom\u00eda.\t\t\t<\/a>\n\t\t<\/h2>\n\t\t\t\t<div class=\"elementor-post__meta-data\">\n\t\t\t\t\t<span class=\"elementor-post-date\">\n\t\t\t19 de noviembre de 2025\t\t<\/span>\n\t\t\t\t<\/div>\n\t\t\t\t<div class=\"elementor-post__excerpt\">\n\t\t\t<p>El \u00faltimo informe de mercado laboral de Lightcast para el condado de Ventura ofrece una visi\u00f3n general completa de la fuerza laboral, la actividad econ\u00f3mica y las tendencias de la industria de la regi\u00f3n. Estos datos ayudan a empleadores, educadores y personas que buscan empleo.<\/p>\n\t\t<\/div>\n\t\t\n\t\t<a class=\"elementor-post__read-more\" href=\"https:\/\/businessforward.venturacounty.gov\/es\/lightcast-economic-overview-report-a-birds-eye-view-of-our-economy\/\" aria-label=\"Read more about Lightcast Economic Overview Report: A Birds-eye View of our Economy\" tabindex=\"-1\" >\n\t\t\tLeer m\u00e1s &quot;\u00bb\t\t<\/a>\n\n\t\t\t\t<\/div>\n\t\t\t\t<\/article>\n\t\t\t\t<article class=\"elementor-post elementor-grid-item post-37905 post type-post status-publish format-standard has-post-thumbnail hentry category-uncategorized\" role=\"listitem\">\n\t\t\t\t<a class=\"elementor-post__thumbnail__link\" href=\"https:\/\/businessforward.venturacounty.gov\/es\/economic-vitality-spotlight-a-message-of-innovation\/\" tabindex=\"-1\" >\n\t\t\t<div class=\"elementor-post__thumbnail\"><img loading=\"lazy\" decoding=\"async\" width=\"480\" height=\"252\" src=\"https:\/\/businessforward.venturacounty.gov\/wp-content\/uploads\/2025\/11\/Screenshot-2025-11-18-153248-480x252.png\" class=\"attachment-medium size-medium wp-image-37692\" alt=\"\" srcset=\"https:\/\/businessforward.venturacounty.gov\/wp-content\/uploads\/2025\/11\/Screenshot-2025-11-18-153248-480x252.png 480w, https:\/\/businessforward.venturacounty.gov\/wp-content\/uploads\/2025\/11\/Screenshot-2025-11-18-153248-1024x537.png 1024w, https:\/\/businessforward.venturacounty.gov\/wp-content\/uploads\/2025\/11\/Screenshot-2025-11-18-153248-768x403.png 768w, https:\/\/businessforward.venturacounty.gov\/wp-content\/uploads\/2025\/11\/Screenshot-2025-11-18-153248.png 1230w\" sizes=\"(max-width: 480px) 100vw, 480px\" \/><\/div>\n\t\t<\/a>\n\t\t\t\t<div class=\"elementor-post__text\">\n\t\t\t\t<h2 class=\"elementor-post__title\">\n\t\t\t<a href=\"https:\/\/businessforward.venturacounty.gov\/es\/economic-vitality-spotlight-a-message-of-innovation\/\" >\n\t\t\t\tEnfoque en la vitalidad econ\u00f3mica: Un mensaje de innovaci\u00f3n\t\t\t<\/a>\n\t\t<\/h2>\n\t\t\t\t<div class=\"elementor-post__meta-data\">\n\t\t\t\t\t<span class=\"elementor-post-date\">\n\t\t\t19 de noviembre de 2025\t\t<\/span>\n\t\t\t\t<\/div>\n\t\t\t\t<div class=\"elementor-post__excerpt\">\n\t\t\t<p>El condado de Ventura es un lugar donde la innovaci\u00f3n, la oportunidad y la colaboraci\u00f3n se unen para crear una econom\u00eda local fuerte y pr\u00f3spera. El video de Vitalidad Econ\u00f3mica del Condado de Ventura destaca a las personas y<\/p>\n\t\t<\/div>\n\t\t\n\t\t<a class=\"elementor-post__read-more\" href=\"https:\/\/businessforward.venturacounty.gov\/es\/economic-vitality-spotlight-a-message-of-innovation\/\" aria-label=\"Read more about Economic Vitality Spotlight: A Message of Innovation\" tabindex=\"-1\" >\n\t\t\tLeer m\u00e1s &quot;\u00bb\t\t<\/a>\n\n\t\t\t\t<\/div>\n\t\t\t\t<\/article>\n\t\t\t\t<article class=\"elementor-post elementor-grid-item post-37904 post type-post status-publish format-standard has-post-thumbnail hentry category-blog category-business\" role=\"listitem\">\n\t\t\t\t<div class=\"elementor-post__text\">\n\t\t\t\t<h2 class=\"elementor-post__title\">\n\t\t\t<a href=\"https:\/\/businessforward.venturacounty.gov\/es\/take-flight-fridays-where-big-ideas-take-off\/\" >\n\t\t\t\tLos viernes de vuelo: donde las grandes ideas despegan\t\t\t<\/a>\n\t\t<\/h2>\n\t\t\t\t<div class=\"elementor-post__meta-data\">\n\t\t\t\t\t<span class=\"elementor-post-date\">\n\t\t\t27 de octubre de 2025\t\t<\/span>\n\t\t\t\t<\/div>\n\t\t\t\t<div class=\"elementor-post__excerpt\">\n\t\t\t<p>\u00bfBusca un lugar para conectar, colaborar y convertir ideas en acci\u00f3n? Take Flight Fridays en el HIVE Autonomous Innovation Center en Camarillo es donde los innovadores, emprendedores y<\/p>\n\t\t<\/div>\n\t\t\n\t\t<a class=\"elementor-post__read-more\" href=\"https:\/\/businessforward.venturacounty.gov\/es\/take-flight-fridays-where-big-ideas-take-off\/\" aria-label=\"Read more about Take Flight Fridays: Where Big Ideas Take Off\" tabindex=\"-1\" >\n\t\t\tLeer m\u00e1s &quot;\u00bb\t\t<\/a>\n\n\t\t\t\t<\/div>\n\t\t\t\t<\/article>\n\t\t\t\t<article class=\"elementor-post elementor-grid-item post-37903 post type-post status-publish format-standard has-post-thumbnail hentry category-blog category-business\" role=\"listitem\">\n\t\t\t\t<a class=\"elementor-post__thumbnail__link\" href=\"https:\/\/businessforward.venturacounty.gov\/es\/debriefing-fathomwerx-summit-2025\/\" tabindex=\"-1\" >\n\t\t\t<div class=\"elementor-post__thumbnail\"><img loading=\"lazy\" decoding=\"async\" width=\"480\" height=\"184\" src=\"https:\/\/businessforward.venturacounty.gov\/wp-content\/uploads\/2025\/09\/Fathomwerx-Summit-Group-Header-480x184.png\" class=\"attachment-medium size-medium wp-image-37900\" alt=\"Fathomwerx Summit 2025 Header\" srcset=\"https:\/\/businessforward.venturacounty.gov\/wp-content\/uploads\/2025\/09\/Fathomwerx-Summit-Group-Header-480x184.png 480w, https:\/\/businessforward.venturacounty.gov\/wp-content\/uploads\/2025\/09\/Fathomwerx-Summit-Group-Header-1024x392.png 1024w, https:\/\/businessforward.venturacounty.gov\/wp-content\/uploads\/2025\/09\/Fathomwerx-Summit-Group-Header-768x294.png 768w, https:\/\/businessforward.venturacounty.gov\/wp-content\/uploads\/2025\/09\/Fathomwerx-Summit-Group-Header-1536x589.png 1536w, https:\/\/businessforward.venturacounty.gov\/wp-content\/uploads\/2025\/09\/Fathomwerx-Summit-Group-Header.png 1868w\" sizes=\"(max-width: 480px) 100vw, 480px\" \/><\/div>\n\t\t<\/a>\n\t\t\t\t<div class=\"elementor-post__text\">\n\t\t\t\t<h2 class=\"elementor-post__title\">\n\t\t\t<a href=\"https:\/\/businessforward.venturacounty.gov\/es\/debriefing-fathomwerx-summit-2025\/\" >\n\t\t\t\tInforme posterior a la Cumbre FATHOMWERX 2025\t\t\t<\/a>\n\t\t<\/h2>\n\t\t\t\t<div class=\"elementor-post__meta-data\">\n\t\t\t\t\t<span class=\"elementor-post-date\">\n\t\t\t27 de octubre de 2025\t\t<\/span>\n\t\t\t\t<\/div>\n\t\t\t\t<div class=\"elementor-post__excerpt\">\n\t\t\t<p>La innovaci\u00f3n estuvo en pleno apogeo en la Cumbre FATHOMWERX, donde m\u00e1s de 600 emprendedores, ingenieros y l\u00edderes de la industria se reunieron durante dos d\u00edas para colaborar, mostrar tecnolog\u00edas y compartir conocimientos.<\/p>\n\t\t<\/div>\n\t\t\n\t\t<a class=\"elementor-post__read-more\" href=\"https:\/\/businessforward.venturacounty.gov\/es\/debriefing-fathomwerx-summit-2025\/\" aria-label=\"Read more about Debriefing FATHOMWERX Summit 2025\" tabindex=\"-1\" >\n\t\t\tLeer m\u00e1s &quot;\u00bb\t\t<\/a>\n\n\t\t\t\t<\/div>\n\t\t\t\t<\/article>\n\t\t\t\t<article class=\"elementor-post elementor-grid-item post-37899 post type-post status-publish format-standard has-post-thumbnail hentry category-uncategorized\" role=\"listitem\">\n\t\t\t\t<a class=\"elementor-post__thumbnail__link\" href=\"https:\/\/businessforward.venturacounty.gov\/es\/fathomwerx-summit-2025\/\" tabindex=\"-1\" >\n\t\t\t<div class=\"elementor-post__thumbnail\"><img loading=\"lazy\" decoding=\"async\" width=\"480\" height=\"271\" src=\"https:\/\/businessforward.venturacounty.gov\/wp-content\/uploads\/2025\/09\/Fathomwerx-Summit-Group-Header-3-480x271.png\" class=\"attachment-medium size-medium wp-image-37901\" alt=\"Fathomwerx Summit 2025 Header\" srcset=\"https:\/\/businessforward.venturacounty.gov\/wp-content\/uploads\/2025\/09\/Fathomwerx-Summit-Group-Header-3-480x271.png 480w, https:\/\/businessforward.venturacounty.gov\/wp-content\/uploads\/2025\/09\/Fathomwerx-Summit-Group-Header-3-1024x578.png 1024w, https:\/\/businessforward.venturacounty.gov\/wp-content\/uploads\/2025\/09\/Fathomwerx-Summit-Group-Header-3-768x434.png 768w, https:\/\/businessforward.venturacounty.gov\/wp-content\/uploads\/2025\/09\/Fathomwerx-Summit-Group-Header-3.png 1238w\" sizes=\"(max-width: 480px) 100vw, 480px\" \/><\/div>\n\t\t<\/a>\n\t\t\t\t<div class=\"elementor-post__text\">\n\t\t\t\t<h2 class=\"elementor-post__title\">\n\t\t\t<a href=\"https:\/\/businessforward.venturacounty.gov\/es\/fathomwerx-summit-2025\/\" >\n\t\t\t\tCumbre FATHOMWERX 2025\t\t\t<\/a>\n\t\t<\/h2>\n\t\t\t\t<div class=\"elementor-post__meta-data\">\n\t\t\t\t\t<span class=\"elementor-post-date\">\n\t\t\t17 de septiembre de 2025\t\t<\/span>\n\t\t\t\t<\/div>\n\t\t\t\t<div class=\"elementor-post__excerpt\">\n\t\t\t<p>Innovaci\u00f3n en la orilla del agua. Anota en tu calendario: 15 y 16 de octubre de 2025, en el Puerto de Hueneme. La Cumbre FATHOMWERX est\u00e1 de vuelta, y este a\u00f1o es m\u00e1s grande que nunca. Durante dos d\u00edas,<\/p>\n\t\t<\/div>\n\t\t\n\t\t<a class=\"elementor-post__read-more\" href=\"https:\/\/businessforward.venturacounty.gov\/es\/fathomwerx-summit-2025\/\" aria-label=\"Read more about FATHOMWERX Summit 2025\" tabindex=\"-1\" >\n\t\t\tLeer m\u00e1s &quot;\u00bb\t\t<\/a>\n\n\t\t\t\t<\/div>\n\t\t\t\t<\/article>\n\t\t\t\t<article class=\"elementor-post elementor-grid-item post-37897 post type-post status-publish format-standard has-post-thumbnail hentry category-blog category-business\" role=\"listitem\">\n\t\t\t\t<a class=\"elementor-post__thumbnail__link\" href=\"https:\/\/businessforward.venturacounty.gov\/es\/free-edc-events-and-webinars-this-fall\/\" tabindex=\"-1\" >\n\t\t\t<div class=\"elementor-post__thumbnail\"><img loading=\"lazy\" decoding=\"async\" width=\"480\" height=\"269\" src=\"https:\/\/businessforward.venturacounty.gov\/wp-content\/uploads\/2025\/09\/EDC-Blog-Header-480x269.png\" class=\"attachment-medium size-medium wp-image-37898\" alt=\"Photo of adults in a classroom as a header for an ED schedule of free courses\" srcset=\"https:\/\/businessforward.venturacounty.gov\/wp-content\/uploads\/2025\/09\/EDC-Blog-Header-480x269.png 480w, https:\/\/businessforward.venturacounty.gov\/wp-content\/uploads\/2025\/09\/EDC-Blog-Header-1024x573.png 1024w, https:\/\/businessforward.venturacounty.gov\/wp-content\/uploads\/2025\/09\/EDC-Blog-Header-768x430.png 768w, https:\/\/businessforward.venturacounty.gov\/wp-content\/uploads\/2025\/09\/EDC-Blog-Header-1536x860.png 1536w, https:\/\/businessforward.venturacounty.gov\/wp-content\/uploads\/2025\/09\/EDC-Blog-Header-2048x1147.png 2048w\" sizes=\"(max-width: 480px) 100vw, 480px\" \/><\/div>\n\t\t<\/a>\n\t\t\t\t<div class=\"elementor-post__text\">\n\t\t\t\t<h2 class=\"elementor-post__title\">\n\t\t\t<a href=\"https:\/\/businessforward.venturacounty.gov\/es\/free-edc-events-and-webinars-this-fall\/\" >\n\t\t\t\tEventos y seminarios web gratuitos de EDC este oto\u00f1o:\t\t\t<\/a>\n\t\t<\/h2>\n\t\t\t\t<div class=\"elementor-post__meta-data\">\n\t\t\t\t\t<span class=\"elementor-post-date\">\n\t\t\t15 de septiembre de 2025\t\t<\/span>\n\t\t\t\t<\/div>\n\t\t\t\t<div class=\"elementor-post__excerpt\">\n\t\t\t<p>Aprende, conecta, crece. La Colaboraci\u00f3n para el Desarrollo Econ\u00f3mico (EDC), junto con socios de confianza como SCORE, WEV y la SBA, est\u00e1 implementando un programa completo de eventos presenciales y seminarios web gratuitos.<\/p>\n\t\t<\/div>\n\t\t\n\t\t<a class=\"elementor-post__read-more\" href=\"https:\/\/businessforward.venturacounty.gov\/es\/free-edc-events-and-webinars-this-fall\/\" aria-label=\"Read more about Free EDC Events and Webinars This Fall:\" tabindex=\"-1\" >\n\t\t\tLeer m\u00e1s &quot;\u00bb\t\t<\/a>\n\n\t\t\t\t<\/div>\n\t\t\t\t<\/article>\n\t\t\t\t<\/div>\n\t\t\n\t\t\t\t<div class=\"e-load-more-anchor\" data-page=\"1\" data-max-page=\"14\" data-next-page=\"https:\/\/businessforward.venturacounty.gov\/es\/wp-json\/wp\/v2\/pages\/36691\/page\/2\/\"><\/div>\n\t\t\t\t<nav class=\"elementor-pagination\" aria-label=\"Pagination\">\n\t\t\t<span class=\"page-numbers prev\">\u00ab&quot; Anterior<\/span>\n<span aria-current=\"page\" class=\"page-numbers current\"><span class=\"elementor-screen-only\">Page<\/span>1<\/span>\n<a class=\"page-numbers\" href=\"https:\/\/businessforward.venturacounty.gov\/es\/wp-json\/wp\/v2\/pages\/36691\/page\/2\/\"><span class=\"elementor-screen-only\">Page<\/span>2<\/a>\n<a class=\"page-numbers\" href=\"https:\/\/businessforward.venturacounty.gov\/es\/wp-json\/wp\/v2\/pages\/36691\/page\/3\/\"><span class=\"elementor-screen-only\">Page<\/span>3<\/a>\n<span class=\"page-numbers dots\">&hellip;<\/span>\n<a class=\"page-numbers\" href=\"https:\/\/businessforward.venturacounty.gov\/es\/wp-json\/wp\/v2\/pages\/36691\/page\/5\/\"><span class=\"elementor-screen-only\">Page<\/span>5<\/a>\n<a class=\"page-numbers next\" href=\"https:\/\/businessforward.venturacounty.gov\/es\/wp-json\/wp\/v2\/pages\/36691\/page\/2\/\">Pr\u00f3ximo &quot;\u00bb<\/a>\t\t<\/nav>\n\t\t\t\t\t\t<\/div>\n\t\t\t\t<\/div>\n\t\t\t\t<\/div>\n\t\t\t\t\t<\/div>\n\t\t\t\t<\/div>\n\t\t\t\t<\/div>","protected":false},"excerpt":{"rendered":"<p>Business Blog Oxnard Beach<\/p>","protected":false},"author":5,"featured_media":0,"parent":0,"menu_order":0,"comment_status":"closed","ping_status":"closed","template":"","meta":{"footnotes":""},"class_list":["post-36691","page","type-page","status-publish","hentry"],"_links":{"self":[{"href":"https:\/\/businessforward.venturacounty.gov\/es\/wp-json\/wp\/v2\/pages\/36691","targetHints":{"allow":["GET"]}}],"collection":[{"href":"https:\/\/businessforward.venturacounty.gov\/es\/wp-json\/wp\/v2\/pages"}],"about":[{"href":"https:\/\/businessforward.venturacounty.gov\/es\/wp-json\/wp\/v2\/types\/page"}],"author":[{"embeddable":true,"href":"https:\/\/businessforward.venturacounty.gov\/es\/wp-json\/wp\/v2\/users\/5"}],"replies":[{"embeddable":true,"href":"https:\/\/businessforward.venturacounty.gov\/es\/wp-json\/wp\/v2\/comments?post=36691"}],"version-history":[{"count":0,"href":"https:\/\/businessforward.venturacounty.gov\/es\/wp-json\/wp\/v2\/pages\/36691\/revisions"}],"wp:attachment":[{"href":"https:\/\/businessforward.venturacounty.gov\/es\/wp-json\/wp\/v2\/media?parent=36691"}],"curies":[{"name":"wp","href":"https:\/\/api.w.org\/{rel}","templated":true}]}}